{"id":640,"date":"2018-12-18T16:16:00","date_gmt":"2018-12-18T15:16:00","guid":{"rendered":"https:\/\/naffo.de\/?page_id=640"},"modified":"2018-12-18T16:16:00","modified_gmt":"2018-12-18T15:16:00","slug":"naffo-membership","status":"publish","type":"page","link":"https:\/\/naffo.de\/en\/naffo-membership\/","title":{"rendered":"NAFFO Membership"},"content":{"rendered":"<div class=\"wpb-content-wrapper\"><p>[vc_row css_animation=&#8221;&#8221; row_type=&#8221;row&#8221; use_row_as_full_screen_section=&#8221;no&#8221; type=&#8221;full_width&#8221; angled_section=&#8221;no&#8221; text_align=&#8221;left&#8221; background_image_as_pattern=&#8221;without_pattern&#8221;][vc_column width=&#8221;7\/12&#8243;][vc_column_text]<\/p>\n<h3>WERDEN SIE MITGLIED!<\/h3>\n<p>NAFFO lebt von und mit seinen Mitgliedern. Alle Vorstandsmitglieder und Aktivisten arbeiten ehrenamtlich. Nur Dank des Engagements unserer Mitglieder ist es NAFFO \u00fcberhaupt m\u00f6glich, seine inhaltliche Arbeit zu leisten, politische Kontakte zu pflegen und hochkar\u00e4tige Veranstaltungen zu organisieren. NAFFO finanziert sich ausschlie\u00dflich aus Mitgliederbeitr\u00e4gen und Spenden.<\/p>\n<p>&nbsp;<\/p>\n<p>Die Mitgliederbeitr\u00e4ge betragen:<\/p>\n<p>Mitgliedschaft: 1.000 Euro pro Jahr<br \/>\nYoung Professionals: 180 Euro pro Jahr<\/p>\n<p>&nbsp;<\/p>\n<p>Bitte sprechen Sie uns an, wenn es Ihnen nicht m\u00f6glich ist, den Mitgliedsbeitrag in voller H\u00f6he zu zahlen, denn daran soll ihre Mitgliedschaft bei NAFFO nicht scheitern!<\/p>\n<p>NAFFO ist ein eingetragener Verein (e.V.) und als gemeinn\u00fctzig anerkannt, das hei\u00dft, Mitgliedschaftsbeitr\u00e4ge und Spenden sind steuerlich abzugsf\u00e4hig.<\/p>\n<p>Einen Mitgliedsantrag sowie die Satzung des Vereins k\u00f6nnen Sie sich \u00fcber die nachfolgenden Links herunterladen.<\/p>\n<p>&nbsp;<\/p>\n<p><a title=\"Mitgliedsantrag\" href=\"https:\/\/naffo.de\/files\/downloads\/NAFFO_Mitgliederantrag.pdf?PHPSESSID=bb0be82eabf8b1f30466dc4b6f81816b\" target=\"_blank\" rel=\"noopener\">\u2022 Mitgliedsantrag<\/a><br \/>\n<a title=\"Satzung\" href=\"https:\/\/naffo.de\/files\/downloads\/NAFFO_Satzung.pdf?PHPSESSID=bb0be82eabf8b1f30466dc4b6f81816b\" target=\"_blank\" rel=\"noopener\">\u2022 Satzung<\/a>[\/vc_column_text][\/vc_column][vc_column width=&#8221;1\/12&#8243;][\/vc_column][vc_column width=&#8221;4\/12&#8243;][vc_widget_sidebar sidebar_id=&#8221;Main&#8221;][\/vc_column][\/vc_row]<\/p>\n<\/div>","protected":false},"excerpt":{"rendered":"<p>[vc_row css_animation=&#8221;&#8221; row_type=&#8221;row&#8221; use_row_as_full_screen_section=&#8221;no&#8221; type=&#8221;full_width&#8221; angled_section=&#8221;no&#8221; text_align=&#8221;left&#8221; background_image_as_pattern=&#8221;without_pattern&#8221;][vc_column width=&#8221;7\/12&#8243;][vc_column_text] WERDEN SIE MITGLIED! NAFFO lebt von und mit seinen Mitgliedern. Alle Vorstandsmitglieder und Aktivisten arbeiten ehrenamtlich. Nur Dank des Engagements unserer Mitglieder ist es NAFFO \u00fcberhaupt m\u00f6glich, seine inhaltliche Arbeit zu leisten, politische Kontakte zu pflegen&#8230;<\/p>\n","protected":false},"author":14,"featured_media":0,"parent":0,"menu_order":0,"comment_status":"closed","ping_status":"closed","template":"","meta":{"_acf_changed":false,"inline_featured_image":false,"footnotes":""},"class_list":["post-640","page","type-page","status-publish","hentry"],"acf":[],"yoast_head":"<!-- This site is optimized with the Yoast SEO plugin v25.9 - https:\/\/yoast.com\/wordpress\/plugins\/seo\/ -->\n<title>NAFFO Membership - NAFFO | NAHOST FRIEDENSFORUM<\/title>\n<meta name=\"robots\" content=\"index, follow, max-snippet:-1, max-image-preview:large, max-video-preview:-1\" \/>\n<link rel=\"canonical\" href=\"https:\/\/naffo.de\/en\/naffo-membership\/\" \/>\n<meta property=\"og:locale\" content=\"en_US\" \/>\n<meta property=\"og:type\" content=\"article\" \/>\n<meta property=\"og:title\" content=\"NAFFO Membership - NAFFO | NAHOST FRIEDENSFORUM\" \/>\n<meta property=\"og:description\" content=\"[vc_row css_animation=&#8221;&#8221; row_type=&#8221;row&#8221; use_row_as_full_screen_section=&#8221;no&#8221; type=&#8221;full_width&#8221; angled_section=&#8221;no&#8221; text_align=&#8221;left&#8221; background_image_as_pattern=&#8221;without_pattern&#8221;][vc_column width=&#8221;7\/12&#8243;][vc_column_text] WERDEN SIE MITGLIED! NAFFO lebt von und mit seinen Mitgliedern. Alle Vorstandsmitglieder und Aktivisten arbeiten ehrenamtlich. Nur Dank des Engagements unserer Mitglieder ist es NAFFO \u00fcberhaupt m\u00f6glich, seine inhaltliche Arbeit zu leisten, politische Kontakte zu pflegen...\" \/>\n<meta property=\"og:url\" content=\"https:\/\/naffo.de\/en\/naffo-membership\/\" \/>\n<meta property=\"og:site_name\" content=\"NAFFO | NAHOST FRIEDENSFORUM\" \/>\n<meta property=\"article:publisher\" content=\"https:\/\/www.facebook.com\/NAFFOeV\/\" \/>\n<meta property=\"og:image\" content=\"https:\/\/naffo.de\/wp-content\/uploads\/2019\/06\/facebook.png\" \/>\n\t<meta property=\"og:image:width\" content=\"1200\" \/>\n\t<meta property=\"og:image:height\" content=\"630\" \/>\n\t<meta property=\"og:image:type\" content=\"image\/png\" \/>\n<meta name=\"twitter:card\" content=\"summary_large_image\" \/>\n<meta name=\"twitter:label1\" content=\"Est. reading time\" \/>\n\t<meta name=\"twitter:data1\" content=\"1 minute\" \/>\n<script type=\"application\/ld+json\" class=\"yoast-schema-graph\">{\"@context\":\"https:\/\/schema.org\",\"@graph\":[{\"@type\":\"WebPage\",\"@id\":\"https:\/\/naffo.de\/en\/naffo-membership\/\",\"url\":\"https:\/\/naffo.de\/en\/naffo-membership\/\",\"name\":\"NAFFO Membership - NAFFO | NAHOST FRIEDENSFORUM\",\"isPartOf\":{\"@id\":\"https:\/\/naffo.de\/#website\"},\"datePublished\":\"2018-12-18T15:16:00+00:00\",\"breadcrumb\":{\"@id\":\"https:\/\/naffo.de\/en\/naffo-membership\/#breadcrumb\"},\"inLanguage\":\"en-US\",\"potentialAction\":[{\"@type\":\"ReadAction\",\"target\":[\"https:\/\/naffo.de\/en\/naffo-membership\/\"]}]},{\"@type\":\"BreadcrumbList\",\"@id\":\"https:\/\/naffo.de\/en\/naffo-membership\/#breadcrumb\",\"itemListElement\":[{\"@type\":\"ListItem\",\"position\":1,\"name\":\"Startseite\",\"item\":\"https:\/\/naffo.de\/en\/\"},{\"@type\":\"ListItem\",\"position\":2,\"name\":\"NAFFO Membership\"}]},{\"@type\":\"WebSite\",\"@id\":\"https:\/\/naffo.de\/#website\",\"url\":\"https:\/\/naffo.de\/\",\"name\":\"NAFFO | NAHOST FRIEDENSFORUM\",\"description\":\"NAFFO | NAHOST FRIEDENSFORUM\",\"publisher\":{\"@id\":\"https:\/\/naffo.de\/#organization\"},\"potentialAction\":[{\"@type\":\"SearchAction\",\"target\":{\"@type\":\"EntryPoint\",\"urlTemplate\":\"https:\/\/naffo.de\/?s={search_term_string}\"},\"query-input\":{\"@type\":\"PropertyValueSpecification\",\"valueRequired\":true,\"valueName\":\"search_term_string\"}}],\"inLanguage\":\"en-US\"},{\"@type\":\"Organization\",\"@id\":\"https:\/\/naffo.de\/#organization\",\"name\":\"Naffo e.V.\",\"url\":\"https:\/\/naffo.de\/\",\"logo\":{\"@type\":\"ImageObject\",\"inLanguage\":\"en-US\",\"@id\":\"https:\/\/naffo.de\/#\/schema\/logo\/image\/\",\"url\":\"https:\/\/naffo.de\/wp-content\/uploads\/2018\/11\/logo-4.svg\",\"contentUrl\":\"https:\/\/naffo.de\/wp-content\/uploads\/2018\/11\/logo-4.svg\",\"width\":1,\"height\":1,\"caption\":\"Naffo e.V.\"},\"image\":{\"@id\":\"https:\/\/naffo.de\/#\/schema\/logo\/image\/\"},\"sameAs\":[\"https:\/\/www.facebook.com\/NAFFOeV\/\"]}]}<\/script>\n<!-- \/ Yoast SEO plugin. -->","yoast_head_json":{"title":"NAFFO Membership - NAFFO | NAHOST FRIEDENSFORUM","robots":{"index":"index","follow":"follow","max-snippet":"max-snippet:-1","max-image-preview":"max-image-preview:large","max-video-preview":"max-video-preview:-1"},"canonical":"https:\/\/naffo.de\/en\/naffo-membership\/","og_locale":"en_US","og_type":"article","og_title":"NAFFO Membership - NAFFO | NAHOST FRIEDENSFORUM","og_description":"[vc_row css_animation=&#8221;&#8221; row_type=&#8221;row&#8221; use_row_as_full_screen_section=&#8221;no&#8221; type=&#8221;full_width&#8221; angled_section=&#8221;no&#8221; text_align=&#8221;left&#8221; background_image_as_pattern=&#8221;without_pattern&#8221;][vc_column width=&#8221;7\/12&#8243;][vc_column_text] WERDEN SIE MITGLIED! NAFFO lebt von und mit seinen Mitgliedern. Alle Vorstandsmitglieder und Aktivisten arbeiten ehrenamtlich. Nur Dank des Engagements unserer Mitglieder ist es NAFFO \u00fcberhaupt m\u00f6glich, seine inhaltliche Arbeit zu leisten, politische Kontakte zu pflegen...","og_url":"https:\/\/naffo.de\/en\/naffo-membership\/","og_site_name":"NAFFO | NAHOST FRIEDENSFORUM","article_publisher":"https:\/\/www.facebook.com\/NAFFOeV\/","og_image":[{"width":1200,"height":630,"url":"https:\/\/naffo.de\/wp-content\/uploads\/2019\/06\/facebook.png","type":"image\/png"}],"twitter_card":"summary_large_image","twitter_misc":{"Est. reading time":"1 minute"},"schema":{"@context":"https:\/\/schema.org","@graph":[{"@type":"WebPage","@id":"https:\/\/naffo.de\/en\/naffo-membership\/","url":"https:\/\/naffo.de\/en\/naffo-membership\/","name":"NAFFO Membership - NAFFO | NAHOST FRIEDENSFORUM","isPartOf":{"@id":"https:\/\/naffo.de\/#website"},"datePublished":"2018-12-18T15:16:00+00:00","breadcrumb":{"@id":"https:\/\/naffo.de\/en\/naffo-membership\/#breadcrumb"},"inLanguage":"en-US","potentialAction":[{"@type":"ReadAction","target":["https:\/\/naffo.de\/en\/naffo-membership\/"]}]},{"@type":"BreadcrumbList","@id":"https:\/\/naffo.de\/en\/naffo-membership\/#breadcrumb","itemListElement":[{"@type":"ListItem","position":1,"name":"Startseite","item":"https:\/\/naffo.de\/en\/"},{"@type":"ListItem","position":2,"name":"NAFFO Membership"}]},{"@type":"WebSite","@id":"https:\/\/naffo.de\/#website","url":"https:\/\/naffo.de\/","name":"NAFFO | NAHOST FRIEDENSFORUM","description":"NAFFO | NAHOST FRIEDENSFORUM","publisher":{"@id":"https:\/\/naffo.de\/#organization"},"potentialAction":[{"@type":"SearchAction","target":{"@type":"EntryPoint","urlTemplate":"https:\/\/naffo.de\/?s={search_term_string}"},"query-input":{"@type":"PropertyValueSpecification","valueRequired":true,"valueName":"search_term_string"}}],"inLanguage":"en-US"},{"@type":"Organization","@id":"https:\/\/naffo.de\/#organization","name":"Naffo e.V.","url":"https:\/\/naffo.de\/","logo":{"@type":"ImageObject","inLanguage":"en-US","@id":"https:\/\/naffo.de\/#\/schema\/logo\/image\/","url":"https:\/\/naffo.de\/wp-content\/uploads\/2018\/11\/logo-4.svg","contentUrl":"https:\/\/naffo.de\/wp-content\/uploads\/2018\/11\/logo-4.svg","width":1,"height":1,"caption":"Naffo e.V."},"image":{"@id":"https:\/\/naffo.de\/#\/schema\/logo\/image\/"},"sameAs":["https:\/\/www.facebook.com\/NAFFOeV\/"]}]}},"_links":{"self":[{"href":"https:\/\/naffo.de\/en\/wp-json\/wp\/v2\/pages\/640","targetHints":{"allow":["GET"]}}],"collection":[{"href":"https:\/\/naffo.de\/en\/wp-json\/wp\/v2\/pages"}],"about":[{"href":"https:\/\/naffo.de\/en\/wp-json\/wp\/v2\/types\/page"}],"author":[{"embeddable":true,"href":"https:\/\/naffo.de\/en\/wp-json\/wp\/v2\/users\/14"}],"replies":[{"embeddable":true,"href":"https:\/\/naffo.de\/en\/wp-json\/wp\/v2\/comments?post=640"}],"version-history":[{"count":1,"href":"https:\/\/naffo.de\/en\/wp-json\/wp\/v2\/pages\/640\/revisions"}],"predecessor-version":[{"id":641,"href":"https:\/\/naffo.de\/en\/wp-json\/wp\/v2\/pages\/640\/revisions\/641"}],"wp:attachment":[{"href":"https:\/\/naffo.de\/en\/wp-json\/wp\/v2\/media?parent=640"}],"curies":[{"name":"wp","href":"https:\/\/api.w.org\/{rel}","templated":true}]}}