{"id":417,"date":"2018-10-29T11:50:09","date_gmt":"2018-10-29T10:50:09","guid":{"rendered":"https:\/\/naffo.de\/ueber-uns\/"},"modified":"2019-07-07T19:06:20","modified_gmt":"2019-07-07T17:06:20","slug":"about-us","status":"publish","type":"page","link":"https:\/\/naffo.de\/en\/about-us\/","title":{"rendered":"About us"},"content":{"rendered":"<div class=\"wpb-content-wrapper\"><p>[vc_row css_animation=&#8221;&#8221; row_type=&#8221;row&#8221; use_row_as_full_screen_section=&#8221;no&#8221; type=&#8221;grid&#8221; angled_section=&#8221;no&#8221; text_align=&#8221;left&#8221; background_image_as_pattern=&#8221;without_pattern&#8221; padding_bottom=&#8221;64&#8243; z_index=&#8221;&#8221;][vc_column width=&#8221;7\/12&#8243;][vc_column_text]<\/p>\n<h3>VORSTAND<\/h3>\n<p>Michael Jung (Vorsitzender und Schatzmeister)<\/p>\n<p>Amir Borenstein (Vorstandsmitglied)<\/p>\n<p>Berndt Perl (Vorstandsmitglied)<\/p>\n<p>Dr. Hermann Reich (stellv. Schatzmeister)<\/p>\n<p>Patrick Reich (Vorstandsmitglied)<\/p>\n<p>Executive Director: Mirjam Rosenstein<\/p>\n<p>&nbsp;<\/p>\n<p>Der Vorstand legt die inhaltliche und strategische Ausrichtung von NAFFO fest und ist f\u00fcr deren Umsetzung verantwortlich. Dar\u00fcber hinaus tr\u00e4gt der Vorstand die Verantwortung f\u00fcr die Finanzen des Vereins.[\/vc_column_text][vc_separator type=&#8221;small&#8221; position=&#8221;left&#8221; color=&#8221;#8abcba&#8221; thickness=&#8221;4&#8243; width=&#8221;128&#8243; up=&#8221;32&#8243; down=&#8221;32&#8243;][vc_column_text]<\/p>\n<h3>POLITICAL COMMITTEE<\/h3>\n<p>Das Political Committee erstellt Positionspapiere, bereitet Politikertermine inhaltlich vor und konzipiert Veranstaltungen, Diskussionsrunden und Symposien.[\/vc_column_text][vc_separator type=&#8221;small&#8221; position=&#8221;left&#8221; color=&#8221;#8abcba&#8221; thickness=&#8221;4&#8243; width=&#8221;128&#8243; up=&#8221;32&#8243; down=&#8221;32&#8243;][vc_column_text]<\/p>\n<h3>DIE ENTWICKLUNG DES NAHOST FRIEDENSFORUMS<\/h3>\n<h3>NAFFO \u2013 Gr\u00fcndungsphase (M\u00e4rz &#8211; Juni 2009)<\/h3>\n<p><strong>Erstes Treffen der neun Gr\u00fcndungsmitglieder am 3. M\u00e4rz 2009:<\/strong><\/p>\n<p>&nbsp;<\/p>\n<ul>\n<li>Entwurf der Grunds\u00e4tze und der Zielsetzung der Organisation<\/li>\n<li>Entwurf einer Organisationsstruktur<\/li>\n<li>Aufstellung bestehender politischer Kontakte<\/li>\n<\/ul>\n<p>&nbsp;<\/p>\n<p><strong>Aufbau der Organisation:<\/strong><\/p>\n<ul>\n<li>Gr\u00fcndung eines eingetragenen Vereins<\/li>\n<li>Erarbeitung einer Grundsatzerkl\u00e4rung<\/li>\n<li>Erste politische Gespr\u00e4che mit Vertretern von CDU, SPD und FDP<\/li>\n<\/ul>\n<p>[\/vc_column_text][vc_separator type=&#8221;small&#8221; position=&#8221;left&#8221; color=&#8221;#8abcba&#8221; thickness=&#8221;4&#8243; width=&#8221;128&#8243; up=&#8221;32&#8243; down=&#8221;32&#8243;][vc_column_text]<\/p>\n<h3>NAFFO \u2013 Ausbauphase (Juni &#8211; Dezember 2009)<\/h3>\n<p><strong>Ausbau der Organisation:<\/strong><\/p>\n<ul>\n<li>Erarbeitung einer Zielsetzung zur Darstellung nach au\u00dfen<\/li>\n<li>Engagement eines freiberuflichen Mitarbeiters<\/li>\n<\/ul>\n<p>[\/vc_column_text][vc_separator type=&#8221;small&#8221; position=&#8221;left&#8221; color=&#8221;#8abcba&#8221; thickness=&#8221;4&#8243; width=&#8221;128&#8243; up=&#8221;32&#8243; down=&#8221;32&#8243;][vc_column_text]<\/p>\n<h3>NAFFO &#8211; Aufnahme der politischen Aktivit\u00e4t (seit Januar 2010)<\/h3>\n<p><strong>Aufnahme der vollen politischen Aktivit\u00e4t:<\/strong><\/p>\n<ul>\n<li>Bestimmung der f\u00fcr NAFFO relevanten Entscheidungstr\u00e4ger<\/li>\n<li>Erste Gespr\u00e4chsrunden mit Politikern aus den Reihen der CDU, SPD, FDP, B\u00fcndnis 90\/Die Gr\u00fcnen und Die Linke um NAFFO vorzustellen<\/li>\n<li>Ausarbeitung von Positionspapieren zum Iran und zum Konflikt Israel-PA, sowie regionaler Sicherheits- und Stabilisierungspolitik<\/li>\n<li>Intensive Agendagespr\u00e4che mit Politikern<\/li>\n<li>Informationsbeschaffung und Formulierungsvorschl\u00e4ge f\u00fcr Politiker zur Ausarbeitung von parlamentarischen Anfragen und Antr\u00e4gen<\/li>\n<li>Unterst\u00fctzung bei der Vorbereitung von Delegationsreisen in die Region, Vermittlung von Kontaktpersonen<\/li>\n<li>Erstellen von NAFFO Positionspapieren und Analyse zu aktuellen Thematiken<\/li>\n<li>NAFFO Pr\u00e4senz an hochkar\u00e4tigen Au\u00dfen- und Sicherheitspolitischen Tagungen<\/li>\n<\/ul>\n<p>[\/vc_column_text][vc_separator type=&#8221;small&#8221; position=&#8221;left&#8221; color=&#8221;#8abcba&#8221; thickness=&#8221;4&#8243; width=&#8221;128&#8243; up=&#8221;32&#8243; down=&#8221;32&#8243;][vc_column_text]<\/p>\n<h3>Entwicklung der NAFFO-Mitgliederzahl<\/h3>\n<ul>\n<li>Die Mitgliederzahl von NAFFO liegt mittlerweile im dreistelligen Bereich und auch die Zahl der Aktivisten, die sich ehrenamtlich engagieren, w\u00e4chst kontinuierlich<\/li>\n<li>Die Mitglieder, Aktivisten und Vorst\u00e4nde von NAFFO kommen aus allen Regionen Deutschlands<\/li>\n<li>Zur Verbreiterung der Bekanntheit und der Anwerbung neuer Mitglieder werden regelm\u00e4\u00dfig Informationsveranstaltungen in den gr\u00f6\u00dferen St\u00e4dten durchgef\u00fchrt<\/li>\n<\/ul>\n<p>[\/vc_column_text][\/vc_column][vc_column width=&#8221;1\/12&#8243;][\/vc_column][vc_column width=&#8221;4\/12&#8243;][vc_widget_sidebar sidebar_id=&#8221;Main&#8221;][\/vc_column][\/vc_row]<\/p>\n<\/div>","protected":false},"excerpt":{"rendered":"<p>[vc_row css_animation=&#8221;&#8221; row_type=&#8221;row&#8221; use_row_as_full_screen_section=&#8221;no&#8221; type=&#8221;grid&#8221; angled_section=&#8221;no&#8221; text_align=&#8221;left&#8221; background_image_as_pattern=&#8221;without_pattern&#8221; padding_bottom=&#8221;64&#8243; z_index=&#8221;&#8221;][vc_column width=&#8221;7\/12&#8243;][vc_column_text] VORSTAND Michael Jung (Vorsitzender und Schatzmeister) Amir Borenstein (Vorstandsmitglied) Berndt Perl (Vorstandsmitglied) Dr. Hermann Reich (stellv. Schatzmeister) Patrick Reich (Vorstandsmitglied) Executive Director: Mirjam Rosenstein &nbsp; Der Vorstand legt die inhaltliche und strategische Ausrichtung von&#8230;<\/p>\n","protected":false},"author":14,"featured_media":0,"parent":0,"menu_order":0,"comment_status":"closed","ping_status":"closed","template":"","meta":{"_acf_changed":false,"inline_featured_image":false,"footnotes":""},"class_list":["post-417","page","type-page","status-publish","hentry"],"acf":[],"yoast_head":"<!-- This site is optimized with the Yoast SEO plugin v25.9 - https:\/\/yoast.com\/wordpress\/plugins\/seo\/ -->\n<title>About us - NAFFO | NAHOST FRIEDENSFORUM<\/title>\n<meta name=\"robots\" content=\"index, follow, max-snippet:-1, max-image-preview:large, max-video-preview:-1\" \/>\n<link rel=\"canonical\" href=\"https:\/\/naffo.de\/en\/about-us\/\" \/>\n<meta property=\"og:locale\" content=\"en_US\" \/>\n<meta property=\"og:type\" content=\"article\" \/>\n<meta property=\"og:title\" content=\"About us - NAFFO | NAHOST FRIEDENSFORUM\" \/>\n<meta property=\"og:description\" content=\"[vc_row css_animation=&#8221;&#8221; row_type=&#8221;row&#8221; use_row_as_full_screen_section=&#8221;no&#8221; type=&#8221;grid&#8221; angled_section=&#8221;no&#8221; text_align=&#8221;left&#8221; background_image_as_pattern=&#8221;without_pattern&#8221; padding_bottom=&#8221;64&#8243; z_index=&#8221;&#8221;][vc_column width=&#8221;7\/12&#8243;][vc_column_text] VORSTAND Michael Jung (Vorsitzender und Schatzmeister) Amir Borenstein (Vorstandsmitglied) Berndt Perl (Vorstandsmitglied) Dr. Hermann Reich (stellv. Schatzmeister) Patrick Reich (Vorstandsmitglied) Executive Director: Mirjam Rosenstein &nbsp; Der Vorstand legt die inhaltliche und strategische Ausrichtung von...\" \/>\n<meta property=\"og:url\" content=\"https:\/\/naffo.de\/en\/about-us\/\" \/>\n<meta property=\"og:site_name\" content=\"NAFFO | NAHOST FRIEDENSFORUM\" \/>\n<meta property=\"article:publisher\" content=\"https:\/\/www.facebook.com\/NAFFOeV\/\" \/>\n<meta property=\"article:modified_time\" content=\"2019-07-07T17:06:20+00:00\" \/>\n<meta property=\"og:image\" content=\"https:\/\/naffo.de\/wp-content\/uploads\/2019\/06\/facebook.png\" \/>\n\t<meta property=\"og:image:width\" content=\"1200\" \/>\n\t<meta property=\"og:image:height\" content=\"630\" \/>\n\t<meta property=\"og:image:type\" content=\"image\/png\" \/>\n<meta name=\"twitter:card\" content=\"summary_large_image\" \/>\n<meta name=\"twitter:label1\" content=\"Est. reading time\" \/>\n\t<meta name=\"twitter:data1\" content=\"2 minutes\" \/>\n<script type=\"application\/ld+json\" class=\"yoast-schema-graph\">{\"@context\":\"https:\/\/schema.org\",\"@graph\":[{\"@type\":\"WebPage\",\"@id\":\"https:\/\/naffo.de\/en\/about-us\/\",\"url\":\"https:\/\/naffo.de\/en\/about-us\/\",\"name\":\"About us - NAFFO | NAHOST FRIEDENSFORUM\",\"isPartOf\":{\"@id\":\"https:\/\/naffo.de\/#website\"},\"datePublished\":\"2018-10-29T10:50:09+00:00\",\"dateModified\":\"2019-07-07T17:06:20+00:00\",\"breadcrumb\":{\"@id\":\"https:\/\/naffo.de\/en\/about-us\/#breadcrumb\"},\"inLanguage\":\"en-US\",\"potentialAction\":[{\"@type\":\"ReadAction\",\"target\":[\"https:\/\/naffo.de\/en\/about-us\/\"]}]},{\"@type\":\"BreadcrumbList\",\"@id\":\"https:\/\/naffo.de\/en\/about-us\/#breadcrumb\",\"itemListElement\":[{\"@type\":\"ListItem\",\"position\":1,\"name\":\"Startseite\",\"item\":\"https:\/\/naffo.de\/en\/\"},{\"@type\":\"ListItem\",\"position\":2,\"name\":\"About us\"}]},{\"@type\":\"WebSite\",\"@id\":\"https:\/\/naffo.de\/#website\",\"url\":\"https:\/\/naffo.de\/\",\"name\":\"NAFFO | NAHOST FRIEDENSFORUM\",\"description\":\"NAFFO | NAHOST FRIEDENSFORUM\",\"publisher\":{\"@id\":\"https:\/\/naffo.de\/#organization\"},\"potentialAction\":[{\"@type\":\"SearchAction\",\"target\":{\"@type\":\"EntryPoint\",\"urlTemplate\":\"https:\/\/naffo.de\/?s={search_term_string}\"},\"query-input\":{\"@type\":\"PropertyValueSpecification\",\"valueRequired\":true,\"valueName\":\"search_term_string\"}}],\"inLanguage\":\"en-US\"},{\"@type\":\"Organization\",\"@id\":\"https:\/\/naffo.de\/#organization\",\"name\":\"Naffo e.V.\",\"url\":\"https:\/\/naffo.de\/\",\"logo\":{\"@type\":\"ImageObject\",\"inLanguage\":\"en-US\",\"@id\":\"https:\/\/naffo.de\/#\/schema\/logo\/image\/\",\"url\":\"https:\/\/naffo.de\/wp-content\/uploads\/2018\/11\/logo-4.svg\",\"contentUrl\":\"https:\/\/naffo.de\/wp-content\/uploads\/2018\/11\/logo-4.svg\",\"width\":1,\"height\":1,\"caption\":\"Naffo e.V.\"},\"image\":{\"@id\":\"https:\/\/naffo.de\/#\/schema\/logo\/image\/\"},\"sameAs\":[\"https:\/\/www.facebook.com\/NAFFOeV\/\"]}]}<\/script>\n<!-- \/ Yoast SEO plugin. -->","yoast_head_json":{"title":"About us - NAFFO | NAHOST FRIEDENSFORUM","robots":{"index":"index","follow":"follow","max-snippet":"max-snippet:-1","max-image-preview":"max-image-preview:large","max-video-preview":"max-video-preview:-1"},"canonical":"https:\/\/naffo.de\/en\/about-us\/","og_locale":"en_US","og_type":"article","og_title":"About us - NAFFO | NAHOST FRIEDENSFORUM","og_description":"[vc_row css_animation=&#8221;&#8221; row_type=&#8221;row&#8221; use_row_as_full_screen_section=&#8221;no&#8221; type=&#8221;grid&#8221; angled_section=&#8221;no&#8221; text_align=&#8221;left&#8221; background_image_as_pattern=&#8221;without_pattern&#8221; padding_bottom=&#8221;64&#8243; z_index=&#8221;&#8221;][vc_column width=&#8221;7\/12&#8243;][vc_column_text] VORSTAND Michael Jung (Vorsitzender und Schatzmeister) Amir Borenstein (Vorstandsmitglied) Berndt Perl (Vorstandsmitglied) Dr. Hermann Reich (stellv. Schatzmeister) Patrick Reich (Vorstandsmitglied) Executive Director: Mirjam Rosenstein &nbsp; Der Vorstand legt die inhaltliche und strategische Ausrichtung von...","og_url":"https:\/\/naffo.de\/en\/about-us\/","og_site_name":"NAFFO | NAHOST FRIEDENSFORUM","article_publisher":"https:\/\/www.facebook.com\/NAFFOeV\/","article_modified_time":"2019-07-07T17:06:20+00:00","og_image":[{"width":1200,"height":630,"url":"https:\/\/naffo.de\/wp-content\/uploads\/2019\/06\/facebook.png","type":"image\/png"}],"twitter_card":"summary_large_image","twitter_misc":{"Est. reading time":"2 minutes"},"schema":{"@context":"https:\/\/schema.org","@graph":[{"@type":"WebPage","@id":"https:\/\/naffo.de\/en\/about-us\/","url":"https:\/\/naffo.de\/en\/about-us\/","name":"About us - NAFFO | NAHOST FRIEDENSFORUM","isPartOf":{"@id":"https:\/\/naffo.de\/#website"},"datePublished":"2018-10-29T10:50:09+00:00","dateModified":"2019-07-07T17:06:20+00:00","breadcrumb":{"@id":"https:\/\/naffo.de\/en\/about-us\/#breadcrumb"},"inLanguage":"en-US","potentialAction":[{"@type":"ReadAction","target":["https:\/\/naffo.de\/en\/about-us\/"]}]},{"@type":"BreadcrumbList","@id":"https:\/\/naffo.de\/en\/about-us\/#breadcrumb","itemListElement":[{"@type":"ListItem","position":1,"name":"Startseite","item":"https:\/\/naffo.de\/en\/"},{"@type":"ListItem","position":2,"name":"About us"}]},{"@type":"WebSite","@id":"https:\/\/naffo.de\/#website","url":"https:\/\/naffo.de\/","name":"NAFFO | NAHOST FRIEDENSFORUM","description":"NAFFO | NAHOST FRIEDENSFORUM","publisher":{"@id":"https:\/\/naffo.de\/#organization"},"potentialAction":[{"@type":"SearchAction","target":{"@type":"EntryPoint","urlTemplate":"https:\/\/naffo.de\/?s={search_term_string}"},"query-input":{"@type":"PropertyValueSpecification","valueRequired":true,"valueName":"search_term_string"}}],"inLanguage":"en-US"},{"@type":"Organization","@id":"https:\/\/naffo.de\/#organization","name":"Naffo e.V.","url":"https:\/\/naffo.de\/","logo":{"@type":"ImageObject","inLanguage":"en-US","@id":"https:\/\/naffo.de\/#\/schema\/logo\/image\/","url":"https:\/\/naffo.de\/wp-content\/uploads\/2018\/11\/logo-4.svg","contentUrl":"https:\/\/naffo.de\/wp-content\/uploads\/2018\/11\/logo-4.svg","width":1,"height":1,"caption":"Naffo e.V."},"image":{"@id":"https:\/\/naffo.de\/#\/schema\/logo\/image\/"},"sameAs":["https:\/\/www.facebook.com\/NAFFOeV\/"]}]}},"_links":{"self":[{"href":"https:\/\/naffo.de\/en\/wp-json\/wp\/v2\/pages\/417","targetHints":{"allow":["GET"]}}],"collection":[{"href":"https:\/\/naffo.de\/en\/wp-json\/wp\/v2\/pages"}],"about":[{"href":"https:\/\/naffo.de\/en\/wp-json\/wp\/v2\/types\/page"}],"author":[{"embeddable":true,"href":"https:\/\/naffo.de\/en\/wp-json\/wp\/v2\/users\/14"}],"replies":[{"embeddable":true,"href":"https:\/\/naffo.de\/en\/wp-json\/wp\/v2\/comments?post=417"}],"version-history":[{"count":7,"href":"https:\/\/naffo.de\/en\/wp-json\/wp\/v2\/pages\/417\/revisions"}],"predecessor-version":[{"id":1117,"href":"https:\/\/naffo.de\/en\/wp-json\/wp\/v2\/pages\/417\/revisions\/1117"}],"wp:attachment":[{"href":"https:\/\/naffo.de\/en\/wp-json\/wp\/v2\/media?parent=417"}],"curies":[{"name":"wp","href":"https:\/\/api.w.org\/{rel}","templated":true}]}}