{"id":414,"date":"2018-10-29T11:58:32","date_gmt":"2018-10-29T10:58:32","guid":{"rendered":"https:\/\/naffo.de\/spenden\/"},"modified":"2018-11-30T14:32:47","modified_gmt":"2018-11-30T13:32:47","slug":"donate","status":"publish","type":"page","link":"https:\/\/naffo.de\/en\/donate\/","title":{"rendered":"Donate"},"content":{"rendered":"<div class=\"wpb-content-wrapper\"><p>[vc_row css_animation=&#8221;&#8221; row_type=&#8221;row&#8221; use_row_as_full_screen_section=&#8221;no&#8221; type=&#8221;full_width&#8221; angled_section=&#8221;no&#8221; text_align=&#8221;left&#8221; background_image_as_pattern=&#8221;without_pattern&#8221; padding_bottom=&#8221;64&#8243; z_index=&#8221;&#8221;][vc_column width=&#8221;7\/12&#8243;][vc_column_text]<\/p>\n<h2>WIR BRAUCHEN SIE!<\/h2>\n<p>Neben dem Engagement unserer ehrenamtlichen Mitglieder wird die Arbeit von NAFFO haupts\u00e4chlich von derzeit drei fest angestellten Mitarbeitern (zwei in Vollzeit, einer in Teilzeit) geleistet. F\u00fcr die Veranstaltungen und Symposien, f\u00fcr die Reisen von Abgeordneten nach Israel und in die Pal\u00e4stinensischen Gebiete, f\u00fcr Druck- sowie alle weiteren Kosten und f\u00fcr eine kontinuierliche Arbeit braucht NAFFO finanzielle Mittel.<\/p>\n<p>&nbsp;<\/p>\n<p><strong>Wir bitten daher um Ihre Spende. NAFFO ist ein eingetragener Verein (e.V.) und als gemeinn\u00fctzig anerkannt, das hei\u00dft, Ihre Spende ist steuerlich abzugsf\u00e4hig.<\/strong><\/p>\n<p>&nbsp;<\/p>\n<p>Das Nahost Friedensforum e.V. ist im Vereinsregister eingetragen. Sitz des Vereins ist Berlin.<\/p>\n<p>&nbsp;<\/p>\n<h2>PAYPAL SPENDEN BUTTON<\/h2>\n<p>Hier wird ein Konto ben\u00f6tigt.<\/p>\n<p>&nbsp;<\/p>\n<p><img loading=\"lazy\" decoding=\"async\" src=\"https:\/\/naffo.de\/images\/konto.png\" alt=\"koto\" width=\"281\" height=\"111\" \/>[\/vc_column_text][\/vc_column][vc_column width=&#8221;1\/12&#8243;][\/vc_column][vc_column width=&#8221;4\/12&#8243;][vc_widget_sidebar sidebar_id=&#8221;Main&#8221;][\/vc_column][\/vc_row]<\/p>\n<\/div>","protected":false},"excerpt":{"rendered":"<p>[vc_row css_animation=&#8221;&#8221; row_type=&#8221;row&#8221; use_row_as_full_screen_section=&#8221;no&#8221; type=&#8221;full_width&#8221; angled_section=&#8221;no&#8221; text_align=&#8221;left&#8221; background_image_as_pattern=&#8221;without_pattern&#8221; padding_bottom=&#8221;64&#8243; z_index=&#8221;&#8221;][vc_column width=&#8221;7\/12&#8243;][vc_column_text] WIR BRAUCHEN SIE! Neben dem Engagement unserer ehrenamtlichen Mitglieder wird die Arbeit von NAFFO haupts\u00e4chlich von derzeit drei fest angestellten Mitarbeitern (zwei in Vollzeit, einer in Teilzeit) geleistet. F\u00fcr die Veranstaltungen und Symposien, f\u00fcr&#8230;<\/p>\n","protected":false},"author":14,"featured_media":0,"parent":0,"menu_order":0,"comment_status":"closed","ping_status":"closed","template":"","meta":{"_acf_changed":false,"inline_featured_image":false,"footnotes":""},"class_list":["post-414","page","type-page","status-publish","hentry"],"acf":[],"yoast_head":"<!-- This site is optimized with the Yoast SEO plugin v27.4 - https:\/\/yoast.com\/product\/yoast-seo-wordpress\/ -->\n<title>Donate - NAFFO | NAHOST FRIEDENSFORUM<\/title>\n<meta name=\"robots\" content=\"index, follow, max-snippet:-1, max-image-preview:large, max-video-preview:-1\" \/>\n<link rel=\"canonical\" href=\"https:\/\/naffo.de\/en\/donate\/\" \/>\n<meta property=\"og:locale\" content=\"en_US\" \/>\n<meta property=\"og:type\" content=\"article\" \/>\n<meta property=\"og:title\" content=\"Donate - NAFFO | NAHOST FRIEDENSFORUM\" \/>\n<meta property=\"og:description\" content=\"[vc_row css_animation=&#8221;&#8221; row_type=&#8221;row&#8221; use_row_as_full_screen_section=&#8221;no&#8221; type=&#8221;full_width&#8221; angled_section=&#8221;no&#8221; text_align=&#8221;left&#8221; background_image_as_pattern=&#8221;without_pattern&#8221; padding_bottom=&#8221;64&#8243; z_index=&#8221;&#8221;][vc_column width=&#8221;7\/12&#8243;][vc_column_text] WIR BRAUCHEN SIE! Neben dem Engagement unserer ehrenamtlichen Mitglieder wird die Arbeit von NAFFO haupts\u00e4chlich von derzeit drei fest angestellten Mitarbeitern (zwei in Vollzeit, einer in Teilzeit) geleistet. F\u00fcr die Veranstaltungen und Symposien, f\u00fcr...\" \/>\n<meta property=\"og:url\" content=\"https:\/\/naffo.de\/en\/donate\/\" \/>\n<meta property=\"og:site_name\" content=\"NAFFO | NAHOST FRIEDENSFORUM\" \/>\n<meta property=\"article:publisher\" content=\"https:\/\/www.facebook.com\/NAFFOeV\/\" \/>\n<meta property=\"article:modified_time\" content=\"2018-11-30T13:32:47+00:00\" \/>\n<meta property=\"og:image\" content=\"https:\/\/naffo.de\/images\/konto.png\" \/>\n<meta name=\"twitter:card\" content=\"summary_large_image\" \/>\n<meta name=\"twitter:label1\" content=\"Est. reading time\" \/>\n\t<meta name=\"twitter:data1\" content=\"1 minute\" \/>\n<script type=\"application\/ld+json\" class=\"yoast-schema-graph\">{\"@context\":\"https:\\\/\\\/schema.org\",\"@graph\":[{\"@type\":\"WebPage\",\"@id\":\"https:\\\/\\\/naffo.de\\\/en\\\/donate\\\/\",\"url\":\"https:\\\/\\\/naffo.de\\\/en\\\/donate\\\/\",\"name\":\"Donate - NAFFO | NAHOST FRIEDENSFORUM\",\"isPartOf\":{\"@id\":\"https:\\\/\\\/naffo.de\\\/en\\\/#website\"},\"primaryImageOfPage\":{\"@id\":\"https:\\\/\\\/naffo.de\\\/en\\\/donate\\\/#primaryimage\"},\"image\":{\"@id\":\"https:\\\/\\\/naffo.de\\\/en\\\/donate\\\/#primaryimage\"},\"thumbnailUrl\":\"https:\\\/\\\/naffo.de\\\/images\\\/konto.png\",\"datePublished\":\"2018-10-29T10:58:32+00:00\",\"dateModified\":\"2018-11-30T13:32:47+00:00\",\"breadcrumb\":{\"@id\":\"https:\\\/\\\/naffo.de\\\/en\\\/donate\\\/#breadcrumb\"},\"inLanguage\":\"en-US\",\"potentialAction\":[{\"@type\":\"ReadAction\",\"target\":[\"https:\\\/\\\/naffo.de\\\/en\\\/donate\\\/\"]}]},{\"@type\":\"ImageObject\",\"inLanguage\":\"en-US\",\"@id\":\"https:\\\/\\\/naffo.de\\\/en\\\/donate\\\/#primaryimage\",\"url\":\"https:\\\/\\\/naffo.de\\\/images\\\/konto.png\",\"contentUrl\":\"https:\\\/\\\/naffo.de\\\/images\\\/konto.png\"},{\"@type\":\"BreadcrumbList\",\"@id\":\"https:\\\/\\\/naffo.de\\\/en\\\/donate\\\/#breadcrumb\",\"itemListElement\":[{\"@type\":\"ListItem\",\"position\":1,\"name\":\"Startseite\",\"item\":\"https:\\\/\\\/naffo.de\\\/en\\\/\"},{\"@type\":\"ListItem\",\"position\":2,\"name\":\"Donate\"}]},{\"@type\":\"WebSite\",\"@id\":\"https:\\\/\\\/naffo.de\\\/en\\\/#website\",\"url\":\"https:\\\/\\\/naffo.de\\\/en\\\/\",\"name\":\"NAFFO | NAHOST FRIEDENSFORUM\",\"description\":\"NAFFO | NAHOST FRIEDENSFORUM\",\"publisher\":{\"@id\":\"https:\\\/\\\/naffo.de\\\/en\\\/#organization\"},\"potentialAction\":[{\"@type\":\"SearchAction\",\"target\":{\"@type\":\"EntryPoint\",\"urlTemplate\":\"https:\\\/\\\/naffo.de\\\/en\\\/?s={search_term_string}\"},\"query-input\":{\"@type\":\"PropertyValueSpecification\",\"valueRequired\":true,\"valueName\":\"search_term_string\"}}],\"inLanguage\":\"en-US\"},{\"@type\":\"Organization\",\"@id\":\"https:\\\/\\\/naffo.de\\\/en\\\/#organization\",\"name\":\"Naffo e.V.\",\"url\":\"https:\\\/\\\/naffo.de\\\/en\\\/\",\"logo\":{\"@type\":\"ImageObject\",\"inLanguage\":\"en-US\",\"@id\":\"https:\\\/\\\/naffo.de\\\/en\\\/#\\\/schema\\\/logo\\\/image\\\/\",\"url\":\"https:\\\/\\\/naffo.de\\\/wp-content\\\/uploads\\\/2018\\\/11\\\/logo-4.svg\",\"contentUrl\":\"https:\\\/\\\/naffo.de\\\/wp-content\\\/uploads\\\/2018\\\/11\\\/logo-4.svg\",\"width\":1,\"height\":1,\"caption\":\"Naffo e.V.\"},\"image\":{\"@id\":\"https:\\\/\\\/naffo.de\\\/en\\\/#\\\/schema\\\/logo\\\/image\\\/\"},\"sameAs\":[\"https:\\\/\\\/www.facebook.com\\\/NAFFOeV\\\/\"]}]}<\/script>\n<!-- \/ Yoast SEO plugin. -->","yoast_head_json":{"title":"Donate - NAFFO | NAHOST FRIEDENSFORUM","robots":{"index":"index","follow":"follow","max-snippet":"max-snippet:-1","max-image-preview":"max-image-preview:large","max-video-preview":"max-video-preview:-1"},"canonical":"https:\/\/naffo.de\/en\/donate\/","og_locale":"en_US","og_type":"article","og_title":"Donate - NAFFO | NAHOST FRIEDENSFORUM","og_description":"[vc_row css_animation=&#8221;&#8221; row_type=&#8221;row&#8221; use_row_as_full_screen_section=&#8221;no&#8221; type=&#8221;full_width&#8221; angled_section=&#8221;no&#8221; text_align=&#8221;left&#8221; background_image_as_pattern=&#8221;without_pattern&#8221; padding_bottom=&#8221;64&#8243; z_index=&#8221;&#8221;][vc_column width=&#8221;7\/12&#8243;][vc_column_text] WIR BRAUCHEN SIE! Neben dem Engagement unserer ehrenamtlichen Mitglieder wird die Arbeit von NAFFO haupts\u00e4chlich von derzeit drei fest angestellten Mitarbeitern (zwei in Vollzeit, einer in Teilzeit) geleistet. F\u00fcr die Veranstaltungen und Symposien, f\u00fcr...","og_url":"https:\/\/naffo.de\/en\/donate\/","og_site_name":"NAFFO | NAHOST FRIEDENSFORUM","article_publisher":"https:\/\/www.facebook.com\/NAFFOeV\/","article_modified_time":"2018-11-30T13:32:47+00:00","og_image":[{"url":"https:\/\/naffo.de\/images\/konto.png","type":"","width":"","height":""}],"twitter_card":"summary_large_image","twitter_misc":{"Est. reading time":"1 minute"},"schema":{"@context":"https:\/\/schema.org","@graph":[{"@type":"WebPage","@id":"https:\/\/naffo.de\/en\/donate\/","url":"https:\/\/naffo.de\/en\/donate\/","name":"Donate - NAFFO | NAHOST FRIEDENSFORUM","isPartOf":{"@id":"https:\/\/naffo.de\/en\/#website"},"primaryImageOfPage":{"@id":"https:\/\/naffo.de\/en\/donate\/#primaryimage"},"image":{"@id":"https:\/\/naffo.de\/en\/donate\/#primaryimage"},"thumbnailUrl":"https:\/\/naffo.de\/images\/konto.png","datePublished":"2018-10-29T10:58:32+00:00","dateModified":"2018-11-30T13:32:47+00:00","breadcrumb":{"@id":"https:\/\/naffo.de\/en\/donate\/#breadcrumb"},"inLanguage":"en-US","potentialAction":[{"@type":"ReadAction","target":["https:\/\/naffo.de\/en\/donate\/"]}]},{"@type":"ImageObject","inLanguage":"en-US","@id":"https:\/\/naffo.de\/en\/donate\/#primaryimage","url":"https:\/\/naffo.de\/images\/konto.png","contentUrl":"https:\/\/naffo.de\/images\/konto.png"},{"@type":"BreadcrumbList","@id":"https:\/\/naffo.de\/en\/donate\/#breadcrumb","itemListElement":[{"@type":"ListItem","position":1,"name":"Startseite","item":"https:\/\/naffo.de\/en\/"},{"@type":"ListItem","position":2,"name":"Donate"}]},{"@type":"WebSite","@id":"https:\/\/naffo.de\/en\/#website","url":"https:\/\/naffo.de\/en\/","name":"NAFFO | NAHOST FRIEDENSFORUM","description":"NAFFO | NAHOST FRIEDENSFORUM","publisher":{"@id":"https:\/\/naffo.de\/en\/#organization"},"potentialAction":[{"@type":"SearchAction","target":{"@type":"EntryPoint","urlTemplate":"https:\/\/naffo.de\/en\/?s={search_term_string}"},"query-input":{"@type":"PropertyValueSpecification","valueRequired":true,"valueName":"search_term_string"}}],"inLanguage":"en-US"},{"@type":"Organization","@id":"https:\/\/naffo.de\/en\/#organization","name":"Naffo e.V.","url":"https:\/\/naffo.de\/en\/","logo":{"@type":"ImageObject","inLanguage":"en-US","@id":"https:\/\/naffo.de\/en\/#\/schema\/logo\/image\/","url":"https:\/\/naffo.de\/wp-content\/uploads\/2018\/11\/logo-4.svg","contentUrl":"https:\/\/naffo.de\/wp-content\/uploads\/2018\/11\/logo-4.svg","width":1,"height":1,"caption":"Naffo e.V."},"image":{"@id":"https:\/\/naffo.de\/en\/#\/schema\/logo\/image\/"},"sameAs":["https:\/\/www.facebook.com\/NAFFOeV\/"]}]}},"_links":{"self":[{"href":"https:\/\/naffo.de\/en\/wp-json\/wp\/v2\/pages\/414","targetHints":{"allow":["GET"]}}],"collection":[{"href":"https:\/\/naffo.de\/en\/wp-json\/wp\/v2\/pages"}],"about":[{"href":"https:\/\/naffo.de\/en\/wp-json\/wp\/v2\/types\/page"}],"author":[{"embeddable":true,"href":"https:\/\/naffo.de\/en\/wp-json\/wp\/v2\/users\/14"}],"replies":[{"embeddable":true,"href":"https:\/\/naffo.de\/en\/wp-json\/wp\/v2\/comments?post=414"}],"version-history":[{"count":3,"href":"https:\/\/naffo.de\/en\/wp-json\/wp\/v2\/pages\/414\/revisions"}],"predecessor-version":[{"id":574,"href":"https:\/\/naffo.de\/en\/wp-json\/wp\/v2\/pages\/414\/revisions\/574"}],"wp:attachment":[{"href":"https:\/\/naffo.de\/en\/wp-json\/wp\/v2\/media?parent=414"}],"curies":[{"name":"wp","href":"https:\/\/api.w.org\/{rel}","templated":true}]}}