{"id":411,"date":"2018-10-29T12:00:33","date_gmt":"2018-10-29T11:00:33","guid":{"rendered":"https:\/\/naffo.de\/positionen\/"},"modified":"2018-11-30T14:44:28","modified_gmt":"2018-11-30T13:44:28","slug":"positions","status":"publish","type":"page","link":"https:\/\/naffo.de\/en\/positions\/","title":{"rendered":"Positions"},"content":{"rendered":"<div class=\"wpb-content-wrapper\"><p>[vc_row css_animation=&#8221;&#8221; row_type=&#8221;row&#8221; use_row_as_full_screen_section=&#8221;no&#8221; type=&#8221;full_width&#8221; angled_section=&#8221;no&#8221; text_align=&#8221;left&#8221; background_image_as_pattern=&#8221;without_pattern&#8221; padding_bottom=&#8221;64&#8243; z_index=&#8221;&#8221;][vc_column width=&#8221;7\/12&#8243;][vc_column_text]<\/p>\n<h3>POSITIONS<\/h3>\n<p>NAFFO erstellt Analysen und Positionspapiere sowohl f\u00fcr seine Mitglieder als auch f\u00fcr Bundestagsabgeordnete und Mitarbeiter von Bundesministerien. Bei Interesse wenden Sie sich bitte an die NAFFO-Gesch\u00e4ftsstelle: info@naffo.de bzw. Tel. 030 &#8211; 23 92 78 65.[\/vc_column_text][vc_empty_space height=&#8221;64px&#8221;][vc_column_text]<\/p>\n<h2>Positions<\/h2>\n<p>[\/vc_column_text]<div class=\"inf_blogboxen\">\r\n            <div class=\"inf_blog\">\r\n              <div class=\"image\">\r\n                <a href=\"https:\/\/naffo.de\/en\/naffo-positionspapier-nach-dem-us-ausstieg-aus-dem-iran-atomabkommen-zurueck-auf-anfang\/\">\r\n          <img decoding=\"async\" src=\"https:\/\/naffo.de\/wp-content\/uploads\/2018\/10\/blog.png\" alt=\"Nach dem US-Ausstieg aus dem Iran-Atomabkommen: Zur\u00fcck auf Anfang\" \/>\r\n                <\/a>\r\n              <\/div>\r\n              <div class=\"desc\">\r\n                <h3><a href=\"https:\/\/naffo.de\/en\/naffo-positionspapier-nach-dem-us-ausstieg-aus-dem-iran-atomabkommen-zurueck-auf-anfang\/\">Nach dem US-Ausstieg aus dem Iran-Atomabkommen: Zur\u00fcck auf Anfang<\/a><\/h3>\r\n\r\n          <div class=\"excerpt\">NAFFO-Positionspapier: Nach dem US-Ausstieg aus dem Iran-Atomabkommen: Zur\u00fcck auf Anfang<\/div><p>\"Deutschland hat gute Gr\u00fcnde, das faktische Scheitern des JCPOA zu bedauern. Desungeachtet sollte es sich auf die neue Lage einstellen und gemeinsam mit Frankreich, Gro\u00dfbritannien und den USA diplomatisch an einer neuen, diesmal nachhaltigen Eind\u00e4mmung der iranischen Aggressionspolitik arbeiten.\"<br \/>\r\n<br \/>\r\nNAFFO-Positionspapier:<br \/>\r\nNach dem US-Ausstieg aus dem Iran-Atomabkommen: Zur\u00fcck auf Anfang<\/p><p><a class=\"more\" href=\"https:\/\/naffo.de\/en\/naffo-positionspapier-nach-dem-us-ausstieg-aus-dem-iran-atomabkommen-zurueck-auf-anfang\/\">Weiterlesen<\/a><\/p>\r\n                <div class=\"meta\">\r\n                  <span class=\"date\">29.10.2018<\/span>\r\n                  <span class=\"cats\">\r\n          Positions\r\n                  <\/span>\r\n                <\/div>\r\n              <\/div>\r\n            <\/div>\r\n          \r\n            <div class=\"inf_blog\">\r\n              <div class=\"image\">\r\n                <a href=\"https:\/\/naffo.de\/en\/arabische-staaten-plus-israel-vs-iran-co-wo-verortet-sich-deutschland\/\">\r\n          <img decoding=\"async\" src=\"https:\/\/naffo.de\/wp-content\/uploads\/2018\/10\/blog.png\" alt=\"Arabische Staaten PLUS Israel vs. Iran & Co.: Wo verortet sich Deutschland?\" \/>\r\n                <\/a>\r\n              <\/div>\r\n              <div class=\"desc\">\r\n                <h3><a href=\"https:\/\/naffo.de\/en\/arabische-staaten-plus-israel-vs-iran-co-wo-verortet-sich-deutschland\/\">Arabische Staaten PLUS Israel vs. Iran & Co.: Wo verortet sich Deutschland?<\/a><\/h3>\r\n\r\n          <div class=\"excerpt\">Arabische Staaten PLUS Israel vs. Iran & Co.: Wo verortet sich Deutschland?<\/div><p>Interessante und teilweise revolution\u00e4re Dinge ereignen sich derzeit im Nahen Osten: W\u00e4hrend die wichtigsten arabischen Staaten (Saudi-Arabien, Golfstaaten, \u00c4gypten etc.) ihren einstigen \u201eBruderstaat\u201c Katar \u2013 auch wegen dessen relativ engen Beziehungen zum Iran \u2013 vollst\u00e4ndig isoliert haben, pflegen gerade diese Staaten einen so engen Kontakt wie nie zuvor zu ihrem ehemaligen Erzfeind Israel.<\/p><p><a class=\"more\" href=\"https:\/\/naffo.de\/en\/arabische-staaten-plus-israel-vs-iran-co-wo-verortet-sich-deutschland\/\">Weiterlesen<\/a><\/p>\r\n                <div class=\"meta\">\r\n                  <span class=\"date\">26.06.2018<\/span>\r\n                  <span class=\"cats\">\r\n          Positions\r\n                  <\/span>\r\n                <\/div>\r\n              <\/div>\r\n            <\/div>\r\n          \r\n            <div class=\"inf_blog\">\r\n              <div class=\"image\">\r\n                <a href=\"https:\/\/naffo.de\/en\/naffo-position-zur-us-anerkennung-jerusalems-als-israelische-hauptstadt\/\">\r\n          <img decoding=\"async\" src=\"https:\/\/naffo.de\/wp-content\/uploads\/2018\/10\/blog.png\" alt=\"NAFFO-Position zur US-Anerkennung Jerusalems als israelische Hauptstadt\" \/>\r\n                <\/a>\r\n              <\/div>\r\n              <div class=\"desc\">\r\n                <h3><a href=\"https:\/\/naffo.de\/en\/naffo-position-zur-us-anerkennung-jerusalems-als-israelische-hauptstadt\/\">NAFFO-Position zur US-Anerkennung Jerusalems als israelische Hauptstadt<\/a><\/h3>\r\n\r\n          <div class=\"excerpt\">NAFFO-Position zur US-Anerkennung Jerusalems als israelische Hauptstadt<\/div><p>Die Entscheidung von US-Pr\u00e4sident Trump, Jerusalem als Hauptstadt Israels offiziell anzuerkennen, hat erwartungsgem\u00e4\u00df f\u00fcr nachvollziehbaren Unmut bei den Pal\u00e4stinensern und in der arabischen Welt gesorgt. Auch im Westen gab und gibt es Irritationen.<\/p><p><a class=\"more\" href=\"https:\/\/naffo.de\/en\/naffo-position-zur-us-anerkennung-jerusalems-als-israelische-hauptstadt\/\">Weiterlesen<\/a><\/p>\r\n                <div class=\"meta\">\r\n                  <span class=\"date\">08.12.2017<\/span>\r\n                  <span class=\"cats\">\r\n          Homepage | Positions\r\n                  <\/span>\r\n                <\/div>\r\n              <\/div>\r\n            <\/div>\r\n          \r\n        <\/div>\r\n        <div class=\"inf_pages\"><\/div>\r\n        <div class=\"inf_clearfix\"><\/div>\r\n      [\/vc_column][vc_column width=&#8221;1\/12&#8243;][\/vc_column][vc_column width=&#8221;4\/12&#8243;][vc_widget_sidebar sidebar_id=&#8221;Main&#8221;][\/vc_column][\/vc_row]<\/p>\n<\/div>","protected":false},"excerpt":{"rendered":"<p>[vc_row css_animation=&#8221;&#8221; row_type=&#8221;row&#8221; use_row_as_full_screen_section=&#8221;no&#8221; type=&#8221;full_width&#8221; angled_section=&#8221;no&#8221; text_align=&#8221;left&#8221; background_image_as_pattern=&#8221;without_pattern&#8221; padding_bottom=&#8221;64&#8243; z_index=&#8221;&#8221;][vc_column width=&#8221;7\/12&#8243;][vc_column_text] POSITIONS NAFFO erstellt Analysen und Positionspapiere sowohl f\u00fcr seine Mitglieder als auch f\u00fcr Bundestagsabgeordnete und Mitarbeiter von Bundesministerien. Bei Interesse wenden Sie sich bitte an die NAFFO-Gesch\u00e4ftsstelle: info@naffo.de bzw. Tel. 030 &#8211; 23 92&#8230;<\/p>\n","protected":false},"author":14,"featured_media":0,"parent":0,"menu_order":0,"comment_status":"closed","ping_status":"closed","template":"","meta":{"_acf_changed":false,"inline_featured_image":false,"footnotes":""},"class_list":["post-411","page","type-page","status-publish","hentry"],"acf":[],"yoast_head":"<!-- This site is optimized with the Yoast SEO plugin v27.4 - https:\/\/yoast.com\/product\/yoast-seo-wordpress\/ -->\n<title>Positions - NAFFO | NAHOST FRIEDENSFORUM<\/title>\n<meta name=\"robots\" content=\"index, follow, max-snippet:-1, max-image-preview:large, max-video-preview:-1\" \/>\n<link rel=\"canonical\" href=\"https:\/\/naffo.de\/en\/positions\/\" \/>\n<meta property=\"og:locale\" content=\"en_US\" \/>\n<meta property=\"og:type\" content=\"article\" \/>\n<meta property=\"og:title\" content=\"Positions - NAFFO | NAHOST FRIEDENSFORUM\" \/>\n<meta property=\"og:description\" content=\"[vc_row css_animation=&#8221;&#8221; row_type=&#8221;row&#8221; use_row_as_full_screen_section=&#8221;no&#8221; type=&#8221;full_width&#8221; angled_section=&#8221;no&#8221; text_align=&#8221;left&#8221; background_image_as_pattern=&#8221;without_pattern&#8221; padding_bottom=&#8221;64&#8243; z_index=&#8221;&#8221;][vc_column width=&#8221;7\/12&#8243;][vc_column_text] POSITIONS NAFFO erstellt Analysen und Positionspapiere sowohl f\u00fcr seine Mitglieder als auch f\u00fcr Bundestagsabgeordnete und Mitarbeiter von Bundesministerien. Bei Interesse wenden Sie sich bitte an die NAFFO-Gesch\u00e4ftsstelle: info@naffo.de bzw. Tel. 030 &#8211; 23 92...\" \/>\n<meta property=\"og:url\" content=\"https:\/\/naffo.de\/en\/positions\/\" \/>\n<meta property=\"og:site_name\" content=\"NAFFO | NAHOST FRIEDENSFORUM\" \/>\n<meta property=\"article:publisher\" content=\"https:\/\/www.facebook.com\/NAFFOeV\/\" \/>\n<meta property=\"article:modified_time\" content=\"2018-11-30T13:44:28+00:00\" \/>\n<meta property=\"og:image\" content=\"https:\/\/naffo.de\/wp-content\/uploads\/2019\/06\/facebook.png\" \/>\n\t<meta property=\"og:image:width\" content=\"1200\" \/>\n\t<meta property=\"og:image:height\" content=\"630\" \/>\n\t<meta property=\"og:image:type\" content=\"image\/png\" \/>\n<meta name=\"twitter:card\" content=\"summary_large_image\" \/>\n<meta name=\"twitter:label1\" content=\"Est. reading time\" \/>\n\t<meta name=\"twitter:data1\" content=\"1 minute\" \/>\n<script type=\"application\/ld+json\" class=\"yoast-schema-graph\">{\"@context\":\"https:\\\/\\\/schema.org\",\"@graph\":[{\"@type\":\"WebPage\",\"@id\":\"https:\\\/\\\/naffo.de\\\/en\\\/positions\\\/\",\"url\":\"https:\\\/\\\/naffo.de\\\/en\\\/positions\\\/\",\"name\":\"Positions - NAFFO | NAHOST FRIEDENSFORUM\",\"isPartOf\":{\"@id\":\"https:\\\/\\\/naffo.de\\\/en\\\/#website\"},\"datePublished\":\"2018-10-29T11:00:33+00:00\",\"dateModified\":\"2018-11-30T13:44:28+00:00\",\"breadcrumb\":{\"@id\":\"https:\\\/\\\/naffo.de\\\/en\\\/positions\\\/#breadcrumb\"},\"inLanguage\":\"en-US\",\"potentialAction\":[{\"@type\":\"ReadAction\",\"target\":[\"https:\\\/\\\/naffo.de\\\/en\\\/positions\\\/\"]}]},{\"@type\":\"BreadcrumbList\",\"@id\":\"https:\\\/\\\/naffo.de\\\/en\\\/positions\\\/#breadcrumb\",\"itemListElement\":[{\"@type\":\"ListItem\",\"position\":1,\"name\":\"Startseite\",\"item\":\"https:\\\/\\\/naffo.de\\\/en\\\/\"},{\"@type\":\"ListItem\",\"position\":2,\"name\":\"Positions\"}]},{\"@type\":\"WebSite\",\"@id\":\"https:\\\/\\\/naffo.de\\\/en\\\/#website\",\"url\":\"https:\\\/\\\/naffo.de\\\/en\\\/\",\"name\":\"NAFFO | NAHOST FRIEDENSFORUM\",\"description\":\"NAFFO | NAHOST FRIEDENSFORUM\",\"publisher\":{\"@id\":\"https:\\\/\\\/naffo.de\\\/en\\\/#organization\"},\"potentialAction\":[{\"@type\":\"SearchAction\",\"target\":{\"@type\":\"EntryPoint\",\"urlTemplate\":\"https:\\\/\\\/naffo.de\\\/en\\\/?s={search_term_string}\"},\"query-input\":{\"@type\":\"PropertyValueSpecification\",\"valueRequired\":true,\"valueName\":\"search_term_string\"}}],\"inLanguage\":\"en-US\"},{\"@type\":\"Organization\",\"@id\":\"https:\\\/\\\/naffo.de\\\/en\\\/#organization\",\"name\":\"Naffo e.V.\",\"url\":\"https:\\\/\\\/naffo.de\\\/en\\\/\",\"logo\":{\"@type\":\"ImageObject\",\"inLanguage\":\"en-US\",\"@id\":\"https:\\\/\\\/naffo.de\\\/en\\\/#\\\/schema\\\/logo\\\/image\\\/\",\"url\":\"https:\\\/\\\/naffo.de\\\/wp-content\\\/uploads\\\/2018\\\/11\\\/logo-4.svg\",\"contentUrl\":\"https:\\\/\\\/naffo.de\\\/wp-content\\\/uploads\\\/2018\\\/11\\\/logo-4.svg\",\"width\":1,\"height\":1,\"caption\":\"Naffo e.V.\"},\"image\":{\"@id\":\"https:\\\/\\\/naffo.de\\\/en\\\/#\\\/schema\\\/logo\\\/image\\\/\"},\"sameAs\":[\"https:\\\/\\\/www.facebook.com\\\/NAFFOeV\\\/\"]}]}<\/script>\n<!-- \/ Yoast SEO plugin. -->","yoast_head_json":{"title":"Positions - NAFFO | NAHOST FRIEDENSFORUM","robots":{"index":"index","follow":"follow","max-snippet":"max-snippet:-1","max-image-preview":"max-image-preview:large","max-video-preview":"max-video-preview:-1"},"canonical":"https:\/\/naffo.de\/en\/positions\/","og_locale":"en_US","og_type":"article","og_title":"Positions - NAFFO | NAHOST FRIEDENSFORUM","og_description":"[vc_row css_animation=&#8221;&#8221; row_type=&#8221;row&#8221; use_row_as_full_screen_section=&#8221;no&#8221; type=&#8221;full_width&#8221; angled_section=&#8221;no&#8221; text_align=&#8221;left&#8221; background_image_as_pattern=&#8221;without_pattern&#8221; padding_bottom=&#8221;64&#8243; z_index=&#8221;&#8221;][vc_column width=&#8221;7\/12&#8243;][vc_column_text] POSITIONS NAFFO erstellt Analysen und Positionspapiere sowohl f\u00fcr seine Mitglieder als auch f\u00fcr Bundestagsabgeordnete und Mitarbeiter von Bundesministerien. Bei Interesse wenden Sie sich bitte an die NAFFO-Gesch\u00e4ftsstelle: info@naffo.de bzw. Tel. 030 &#8211; 23 92...","og_url":"https:\/\/naffo.de\/en\/positions\/","og_site_name":"NAFFO | NAHOST FRIEDENSFORUM","article_publisher":"https:\/\/www.facebook.com\/NAFFOeV\/","article_modified_time":"2018-11-30T13:44:28+00:00","og_image":[{"width":1200,"height":630,"url":"https:\/\/naffo.de\/wp-content\/uploads\/2019\/06\/facebook.png","type":"image\/png"}],"twitter_card":"summary_large_image","twitter_misc":{"Est. reading time":"1 minute"},"schema":{"@context":"https:\/\/schema.org","@graph":[{"@type":"WebPage","@id":"https:\/\/naffo.de\/en\/positions\/","url":"https:\/\/naffo.de\/en\/positions\/","name":"Positions - NAFFO | NAHOST FRIEDENSFORUM","isPartOf":{"@id":"https:\/\/naffo.de\/en\/#website"},"datePublished":"2018-10-29T11:00:33+00:00","dateModified":"2018-11-30T13:44:28+00:00","breadcrumb":{"@id":"https:\/\/naffo.de\/en\/positions\/#breadcrumb"},"inLanguage":"en-US","potentialAction":[{"@type":"ReadAction","target":["https:\/\/naffo.de\/en\/positions\/"]}]},{"@type":"BreadcrumbList","@id":"https:\/\/naffo.de\/en\/positions\/#breadcrumb","itemListElement":[{"@type":"ListItem","position":1,"name":"Startseite","item":"https:\/\/naffo.de\/en\/"},{"@type":"ListItem","position":2,"name":"Positions"}]},{"@type":"WebSite","@id":"https:\/\/naffo.de\/en\/#website","url":"https:\/\/naffo.de\/en\/","name":"NAFFO | NAHOST FRIEDENSFORUM","description":"NAFFO | NAHOST FRIEDENSFORUM","publisher":{"@id":"https:\/\/naffo.de\/en\/#organization"},"potentialAction":[{"@type":"SearchAction","target":{"@type":"EntryPoint","urlTemplate":"https:\/\/naffo.de\/en\/?s={search_term_string}"},"query-input":{"@type":"PropertyValueSpecification","valueRequired":true,"valueName":"search_term_string"}}],"inLanguage":"en-US"},{"@type":"Organization","@id":"https:\/\/naffo.de\/en\/#organization","name":"Naffo e.V.","url":"https:\/\/naffo.de\/en\/","logo":{"@type":"ImageObject","inLanguage":"en-US","@id":"https:\/\/naffo.de\/en\/#\/schema\/logo\/image\/","url":"https:\/\/naffo.de\/wp-content\/uploads\/2018\/11\/logo-4.svg","contentUrl":"https:\/\/naffo.de\/wp-content\/uploads\/2018\/11\/logo-4.svg","width":1,"height":1,"caption":"Naffo e.V."},"image":{"@id":"https:\/\/naffo.de\/en\/#\/schema\/logo\/image\/"},"sameAs":["https:\/\/www.facebook.com\/NAFFOeV\/"]}]}},"_links":{"self":[{"href":"https:\/\/naffo.de\/en\/wp-json\/wp\/v2\/pages\/411","targetHints":{"allow":["GET"]}}],"collection":[{"href":"https:\/\/naffo.de\/en\/wp-json\/wp\/v2\/pages"}],"about":[{"href":"https:\/\/naffo.de\/en\/wp-json\/wp\/v2\/types\/page"}],"author":[{"embeddable":true,"href":"https:\/\/naffo.de\/en\/wp-json\/wp\/v2\/users\/14"}],"replies":[{"embeddable":true,"href":"https:\/\/naffo.de\/en\/wp-json\/wp\/v2\/comments?post=411"}],"version-history":[{"count":6,"href":"https:\/\/naffo.de\/en\/wp-json\/wp\/v2\/pages\/411\/revisions"}],"predecessor-version":[{"id":584,"href":"https:\/\/naffo.de\/en\/wp-json\/wp\/v2\/pages\/411\/revisions\/584"}],"wp:attachment":[{"href":"https:\/\/naffo.de\/en\/wp-json\/wp\/v2\/media?parent=411"}],"curies":[{"name":"wp","href":"https:\/\/api.w.org\/{rel}","templated":true}]}}