{"id":402,"date":"2018-10-29T11:56:57","date_gmt":"2018-10-29T10:56:57","guid":{"rendered":"https:\/\/naffo.de\/faq\/"},"modified":"2018-11-30T14:35:24","modified_gmt":"2018-11-30T13:35:24","slug":"faq","status":"publish","type":"page","link":"https:\/\/naffo.de\/en\/faq\/","title":{"rendered":"FAQ"},"content":{"rendered":"<div class=\"wpb-content-wrapper\"><p>[vc_row css_animation=&#8221;&#8221; row_type=&#8221;row&#8221; use_row_as_full_screen_section=&#8221;no&#8221; type=&#8221;full_width&#8221; angled_section=&#8221;no&#8221; text_align=&#8221;left&#8221; background_image_as_pattern=&#8221;without_pattern&#8221; padding_bottom=&#8221;64&#8243; z_index=&#8221;&#8221;][vc_column width=&#8221;7\/12&#8243;][vc_column_text]<\/p>\n<h2>WARUM NAFFO?<\/h2>\n<p>Vielen deutschen Parlamentariern fehlt es an einem historischen, sicherheits- und innenpolitischen Verst\u00e4ndnis f\u00fcr die Region und den Nahostkonflikt. Sie beziehen ihre Informationen oft ausschlie\u00dflich aus der h\u00e4ufig sehr einseitigen Berichterstattung und waren selbst noch nie in der Region. Daher bedarf es an Aufkl\u00e4rung und Sensibilisierung in der deutschen Politik.<\/p>\n<p>Nicht nur aufgrund der Geschichte ist das Verh\u00e4ltnis zwischen Israel und Deutschland ein besonderes. Israel ist die einzige Demokratie nach westlichen Standards in der Region und beide Staaten teilen dieselben Werte, wie Demokratie, Rechtstaatlichkeit und die Wahrung der Menschenrechte. Dar\u00fcber hinaus sind die Sicherheitsinteressen von Deutschland und Israel untrennbar miteinander verbunden. Die Sicherheitslage im Nahen Osten hat unmittelbare Auswirkungen auf die Sicherheit Deutschlands und Europas.<br \/>\nNAFFO will durch seine Aktivit\u00e4ten und Informationen ein besseres Verst\u00e4ndnis f\u00fcr die Vielschichtigkeit der Situation im Nahen Osten in der deutschen Politik vermitteln und setzt sich f\u00fcr eine Zwei-Staaten-L\u00f6sung im israelisch-pal\u00e4stinensischen Konflikt ein.<\/p>\n<p>&nbsp;<\/p>\n<h2>WIE ARBEITET NAFFO?<\/h2>\n<p>NAFFO steht in einem vertraulichen, konstruktiven und kontinuierlichen Dialog mit Politikern, ihren Mitarbeitern sowie den Fachreferenten in den Ministerien. NAFFO vermittelt Informationen zu aktuellen politischen Themen sowie Kontakte in die Region. Dabei greift NAFFO auf ein etabliertes Netzwerk in f\u00fchrende Think Tanks, Universit\u00e4ten und Stiftungen in Deutschland, den USA, Israel und dem gesamten Nahen Osten zur\u00fcck, arbeitet deren Studien f\u00fcr die deutsche Politik auf oder erstellt eigene faktenbasierte Positionspapiere.<\/p>\n<p>Dar\u00fcber hinaus unterst\u00fctzt und begleitet NAFFO die Vorbereitung und Durchf\u00fchrung von Delegationsreisen nach Israel und in die pal\u00e4stinensischen Autonomiegebiete.<\/p>\n<p>&nbsp;<\/p>\n<h2>WELCHE VORTEILE BIETET EINE MITGLIEDSCHAFT?<\/h2>\n<p>Als Mitglied von NAFFO hat man Zugang zu exklusiven NAFFO-Veranstaltungen mit hochrangigen Politikern und Experten und erh\u00e4lt regelm\u00e4\u00dfig Informationen zu NAFFO-Aktivit\u00e4ten und aktuellen politischen Themen.<\/p>\n<p>Mitglieder haben die M\u00f6glichkeit, sich direkt an der Arbeit von NAFFO zu beteiligen. Sie k\u00f6nnen an vertraulichen Gespr\u00e4chen mit Politikern teilnehmen oder sich inhaltlich einbringen und Positionspapiere gemeinsam mit dem NAFFO-Team auf den Weg bringen.<\/p>\n<p>&nbsp;<\/p>\n<h2>WAS HAT NAFFO BISHER ERREICHT?<\/h2>\n<p>NAFFO hat in den letzten Jahren hunderte Gespr\u00e4che mit vielen dutzend Parlamentariern aller Parteien gef\u00fchrt und sich als verl\u00e4sslicher Ansprechpartner etabliert. Es besteht ebenfalls eine gute Zusammenarbeit mit verschiedenen Ministerien, Verb\u00e4nden, Stiftungen und NGOs.<\/p>\n<p>NAFFO kann auf eine Vielzahl erfolgreich durchgef\u00fchrter Veranstaltungen, Hintergrundgespr\u00e4che und Symposien zur\u00fcckblicken. Gleiches gilt f\u00fcr erarbeitete Positionspapiere zu unterschiedlichen Themen.[\/vc_column_text][\/vc_column][vc_column width=&#8221;1\/12&#8243;][\/vc_column][vc_column width=&#8221;4\/12&#8243;][vc_widget_sidebar sidebar_id=&#8221;Main&#8221;][\/vc_column][\/vc_row]<\/p>\n<\/div>","protected":false},"excerpt":{"rendered":"<p>[vc_row css_animation=&#8221;&#8221; row_type=&#8221;row&#8221; use_row_as_full_screen_section=&#8221;no&#8221; type=&#8221;full_width&#8221; angled_section=&#8221;no&#8221; text_align=&#8221;left&#8221; background_image_as_pattern=&#8221;without_pattern&#8221; padding_bottom=&#8221;64&#8243; z_index=&#8221;&#8221;][vc_column width=&#8221;7\/12&#8243;][vc_column_text] WARUM NAFFO? Vielen deutschen Parlamentariern fehlt es an einem historischen, sicherheits- und innenpolitischen Verst\u00e4ndnis f\u00fcr die Region und den Nahostkonflikt. Sie beziehen ihre Informationen oft ausschlie\u00dflich aus der h\u00e4ufig sehr einseitigen Berichterstattung und waren&#8230;<\/p>\n","protected":false},"author":14,"featured_media":0,"parent":0,"menu_order":0,"comment_status":"closed","ping_status":"closed","template":"","meta":{"_acf_changed":false,"inline_featured_image":false,"footnotes":""},"class_list":["post-402","page","type-page","status-publish","hentry"],"acf":[],"yoast_head":"<!-- This site is optimized with the Yoast SEO plugin v27.4 - https:\/\/yoast.com\/product\/yoast-seo-wordpress\/ -->\n<title>FAQ - NAFFO | NAHOST FRIEDENSFORUM<\/title>\n<meta name=\"robots\" content=\"index, follow, max-snippet:-1, max-image-preview:large, max-video-preview:-1\" \/>\n<link rel=\"canonical\" href=\"https:\/\/naffo.de\/en\/faq\/\" \/>\n<meta property=\"og:locale\" content=\"en_US\" \/>\n<meta property=\"og:type\" content=\"article\" \/>\n<meta property=\"og:title\" content=\"FAQ - NAFFO | NAHOST FRIEDENSFORUM\" \/>\n<meta property=\"og:description\" content=\"[vc_row css_animation=&#8221;&#8221; row_type=&#8221;row&#8221; use_row_as_full_screen_section=&#8221;no&#8221; type=&#8221;full_width&#8221; angled_section=&#8221;no&#8221; text_align=&#8221;left&#8221; background_image_as_pattern=&#8221;without_pattern&#8221; padding_bottom=&#8221;64&#8243; z_index=&#8221;&#8221;][vc_column width=&#8221;7\/12&#8243;][vc_column_text] WARUM NAFFO? Vielen deutschen Parlamentariern fehlt es an einem historischen, sicherheits- und innenpolitischen Verst\u00e4ndnis f\u00fcr die Region und den Nahostkonflikt. Sie beziehen ihre Informationen oft ausschlie\u00dflich aus der h\u00e4ufig sehr einseitigen Berichterstattung und waren...\" \/>\n<meta property=\"og:url\" content=\"https:\/\/naffo.de\/en\/faq\/\" \/>\n<meta property=\"og:site_name\" content=\"NAFFO | NAHOST FRIEDENSFORUM\" \/>\n<meta property=\"article:publisher\" content=\"https:\/\/www.facebook.com\/NAFFOeV\/\" \/>\n<meta property=\"article:modified_time\" content=\"2018-11-30T13:35:24+00:00\" \/>\n<meta property=\"og:image\" content=\"https:\/\/naffo.de\/wp-content\/uploads\/2019\/06\/facebook.png\" \/>\n\t<meta property=\"og:image:width\" content=\"1200\" \/>\n\t<meta property=\"og:image:height\" content=\"630\" \/>\n\t<meta property=\"og:image:type\" content=\"image\/png\" \/>\n<meta name=\"twitter:card\" content=\"summary_large_image\" \/>\n<meta name=\"twitter:label1\" content=\"Est. reading time\" \/>\n\t<meta name=\"twitter:data1\" content=\"2 minutes\" \/>\n<script type=\"application\/ld+json\" class=\"yoast-schema-graph\">{\"@context\":\"https:\\\/\\\/schema.org\",\"@graph\":[{\"@type\":\"WebPage\",\"@id\":\"https:\\\/\\\/naffo.de\\\/en\\\/faq\\\/\",\"url\":\"https:\\\/\\\/naffo.de\\\/en\\\/faq\\\/\",\"name\":\"FAQ - NAFFO | NAHOST FRIEDENSFORUM\",\"isPartOf\":{\"@id\":\"https:\\\/\\\/naffo.de\\\/en\\\/#website\"},\"datePublished\":\"2018-10-29T10:56:57+00:00\",\"dateModified\":\"2018-11-30T13:35:24+00:00\",\"breadcrumb\":{\"@id\":\"https:\\\/\\\/naffo.de\\\/en\\\/faq\\\/#breadcrumb\"},\"inLanguage\":\"en-US\",\"potentialAction\":[{\"@type\":\"ReadAction\",\"target\":[\"https:\\\/\\\/naffo.de\\\/en\\\/faq\\\/\"]}]},{\"@type\":\"BreadcrumbList\",\"@id\":\"https:\\\/\\\/naffo.de\\\/en\\\/faq\\\/#breadcrumb\",\"itemListElement\":[{\"@type\":\"ListItem\",\"position\":1,\"name\":\"Startseite\",\"item\":\"https:\\\/\\\/naffo.de\\\/en\\\/\"},{\"@type\":\"ListItem\",\"position\":2,\"name\":\"FAQ\"}]},{\"@type\":\"WebSite\",\"@id\":\"https:\\\/\\\/naffo.de\\\/en\\\/#website\",\"url\":\"https:\\\/\\\/naffo.de\\\/en\\\/\",\"name\":\"NAFFO | NAHOST FRIEDENSFORUM\",\"description\":\"NAFFO | NAHOST FRIEDENSFORUM\",\"publisher\":{\"@id\":\"https:\\\/\\\/naffo.de\\\/en\\\/#organization\"},\"potentialAction\":[{\"@type\":\"SearchAction\",\"target\":{\"@type\":\"EntryPoint\",\"urlTemplate\":\"https:\\\/\\\/naffo.de\\\/en\\\/?s={search_term_string}\"},\"query-input\":{\"@type\":\"PropertyValueSpecification\",\"valueRequired\":true,\"valueName\":\"search_term_string\"}}],\"inLanguage\":\"en-US\"},{\"@type\":\"Organization\",\"@id\":\"https:\\\/\\\/naffo.de\\\/en\\\/#organization\",\"name\":\"Naffo e.V.\",\"url\":\"https:\\\/\\\/naffo.de\\\/en\\\/\",\"logo\":{\"@type\":\"ImageObject\",\"inLanguage\":\"en-US\",\"@id\":\"https:\\\/\\\/naffo.de\\\/en\\\/#\\\/schema\\\/logo\\\/image\\\/\",\"url\":\"https:\\\/\\\/naffo.de\\\/wp-content\\\/uploads\\\/2018\\\/11\\\/logo-4.svg\",\"contentUrl\":\"https:\\\/\\\/naffo.de\\\/wp-content\\\/uploads\\\/2018\\\/11\\\/logo-4.svg\",\"width\":1,\"height\":1,\"caption\":\"Naffo e.V.\"},\"image\":{\"@id\":\"https:\\\/\\\/naffo.de\\\/en\\\/#\\\/schema\\\/logo\\\/image\\\/\"},\"sameAs\":[\"https:\\\/\\\/www.facebook.com\\\/NAFFOeV\\\/\"]}]}<\/script>\n<!-- \/ Yoast SEO plugin. -->","yoast_head_json":{"title":"FAQ - NAFFO | NAHOST FRIEDENSFORUM","robots":{"index":"index","follow":"follow","max-snippet":"max-snippet:-1","max-image-preview":"max-image-preview:large","max-video-preview":"max-video-preview:-1"},"canonical":"https:\/\/naffo.de\/en\/faq\/","og_locale":"en_US","og_type":"article","og_title":"FAQ - NAFFO | NAHOST FRIEDENSFORUM","og_description":"[vc_row css_animation=&#8221;&#8221; row_type=&#8221;row&#8221; use_row_as_full_screen_section=&#8221;no&#8221; type=&#8221;full_width&#8221; angled_section=&#8221;no&#8221; text_align=&#8221;left&#8221; background_image_as_pattern=&#8221;without_pattern&#8221; padding_bottom=&#8221;64&#8243; z_index=&#8221;&#8221;][vc_column width=&#8221;7\/12&#8243;][vc_column_text] WARUM NAFFO? Vielen deutschen Parlamentariern fehlt es an einem historischen, sicherheits- und innenpolitischen Verst\u00e4ndnis f\u00fcr die Region und den Nahostkonflikt. Sie beziehen ihre Informationen oft ausschlie\u00dflich aus der h\u00e4ufig sehr einseitigen Berichterstattung und waren...","og_url":"https:\/\/naffo.de\/en\/faq\/","og_site_name":"NAFFO | NAHOST FRIEDENSFORUM","article_publisher":"https:\/\/www.facebook.com\/NAFFOeV\/","article_modified_time":"2018-11-30T13:35:24+00:00","og_image":[{"width":1200,"height":630,"url":"https:\/\/naffo.de\/wp-content\/uploads\/2019\/06\/facebook.png","type":"image\/png"}],"twitter_card":"summary_large_image","twitter_misc":{"Est. reading time":"2 minutes"},"schema":{"@context":"https:\/\/schema.org","@graph":[{"@type":"WebPage","@id":"https:\/\/naffo.de\/en\/faq\/","url":"https:\/\/naffo.de\/en\/faq\/","name":"FAQ - NAFFO | NAHOST FRIEDENSFORUM","isPartOf":{"@id":"https:\/\/naffo.de\/en\/#website"},"datePublished":"2018-10-29T10:56:57+00:00","dateModified":"2018-11-30T13:35:24+00:00","breadcrumb":{"@id":"https:\/\/naffo.de\/en\/faq\/#breadcrumb"},"inLanguage":"en-US","potentialAction":[{"@type":"ReadAction","target":["https:\/\/naffo.de\/en\/faq\/"]}]},{"@type":"BreadcrumbList","@id":"https:\/\/naffo.de\/en\/faq\/#breadcrumb","itemListElement":[{"@type":"ListItem","position":1,"name":"Startseite","item":"https:\/\/naffo.de\/en\/"},{"@type":"ListItem","position":2,"name":"FAQ"}]},{"@type":"WebSite","@id":"https:\/\/naffo.de\/en\/#website","url":"https:\/\/naffo.de\/en\/","name":"NAFFO | NAHOST FRIEDENSFORUM","description":"NAFFO | NAHOST FRIEDENSFORUM","publisher":{"@id":"https:\/\/naffo.de\/en\/#organization"},"potentialAction":[{"@type":"SearchAction","target":{"@type":"EntryPoint","urlTemplate":"https:\/\/naffo.de\/en\/?s={search_term_string}"},"query-input":{"@type":"PropertyValueSpecification","valueRequired":true,"valueName":"search_term_string"}}],"inLanguage":"en-US"},{"@type":"Organization","@id":"https:\/\/naffo.de\/en\/#organization","name":"Naffo e.V.","url":"https:\/\/naffo.de\/en\/","logo":{"@type":"ImageObject","inLanguage":"en-US","@id":"https:\/\/naffo.de\/en\/#\/schema\/logo\/image\/","url":"https:\/\/naffo.de\/wp-content\/uploads\/2018\/11\/logo-4.svg","contentUrl":"https:\/\/naffo.de\/wp-content\/uploads\/2018\/11\/logo-4.svg","width":1,"height":1,"caption":"Naffo e.V."},"image":{"@id":"https:\/\/naffo.de\/en\/#\/schema\/logo\/image\/"},"sameAs":["https:\/\/www.facebook.com\/NAFFOeV\/"]}]}},"_links":{"self":[{"href":"https:\/\/naffo.de\/en\/wp-json\/wp\/v2\/pages\/402","targetHints":{"allow":["GET"]}}],"collection":[{"href":"https:\/\/naffo.de\/en\/wp-json\/wp\/v2\/pages"}],"about":[{"href":"https:\/\/naffo.de\/en\/wp-json\/wp\/v2\/types\/page"}],"author":[{"embeddable":true,"href":"https:\/\/naffo.de\/en\/wp-json\/wp\/v2\/users\/14"}],"replies":[{"embeddable":true,"href":"https:\/\/naffo.de\/en\/wp-json\/wp\/v2\/comments?post=402"}],"version-history":[{"count":2,"href":"https:\/\/naffo.de\/en\/wp-json\/wp\/v2\/pages\/402\/revisions"}],"predecessor-version":[{"id":578,"href":"https:\/\/naffo.de\/en\/wp-json\/wp\/v2\/pages\/402\/revisions\/578"}],"wp:attachment":[{"href":"https:\/\/naffo.de\/en\/wp-json\/wp\/v2\/media?parent=402"}],"curies":[{"name":"wp","href":"https:\/\/api.w.org\/{rel}","templated":true}]}}