{"id":398,"date":"2018-10-29T12:00:02","date_gmt":"2018-10-29T11:00:02","guid":{"rendered":"https:\/\/naffo.de\/aktivitaeten\/"},"modified":"2018-11-30T14:15:12","modified_gmt":"2018-11-30T13:15:12","slug":"activities","status":"publish","type":"page","link":"https:\/\/naffo.de\/en\/activities\/","title":{"rendered":"Activities"},"content":{"rendered":"<div class=\"wpb-content-wrapper\"><p>[vc_row css_animation=&#8221;&#8221; row_type=&#8221;row&#8221; use_row_as_full_screen_section=&#8221;no&#8221; type=&#8221;full_width&#8221; angled_section=&#8221;no&#8221; text_align=&#8221;left&#8221; background_image_as_pattern=&#8221;without_pattern&#8221; padding_bottom=&#8221;64&#8243; z_index=&#8221;&#8221;][vc_column width=&#8221;7\/12&#8243;][vc_column_text]<\/p>\n<h3>ACTIVITIES<\/h3>\n<p>NAFFO organisiert Informationsveranstaltungen f\u00fcr seine Mitglieder mit Experten aus Politik und Wissenschaft. F\u00fcr die Aktivisten finden au\u00dferdem regelm\u00e4\u00dfige Treffen zum thematischen Austausch statt.<\/p>\n<p>Bei Interesse wenden Sie sich bitte ebenfalls an die NAFFO-Gesch\u00e4ftsstelle (s.o.).[\/vc_column_text][vc_empty_space height=&#8221;64px&#8221;][vc_column_text]<\/p>\n<h2>Activities<\/h2>\n<p>[\/vc_column_text]<div class=\"inf_blogboxen\">\r\n            <div class=\"inf_blog\">\r\n              <div class=\"image\">\r\n                <a href=\"https:\/\/naffo.de\/en\/naffo-reise-nach-israel-und-in-die-palaestinensischen-gebiete\/\">\r\n          <img decoding=\"async\" src=\"https:\/\/naffo.de\/wp-content\/uploads\/2019\/03\/NAFFO-Icons-01-370x375.png\" alt=\"NAFFO-Reise nach Israel und in die Pal\u00e4stinensischen Gebiete\" \/>\r\n                <\/a>\r\n              <\/div>\r\n              <div class=\"desc\">\r\n                <h3><a href=\"https:\/\/naffo.de\/en\/naffo-reise-nach-israel-und-in-die-palaestinensischen-gebiete\/\">NAFFO-Reise nach Israel und in die Pal\u00e4stinensischen Gebiete<\/a><\/h3>\r\n\r\n          <div class=\"excerpt\">NAFFO-Reise nach Israel und in die Pal\u00e4stinensischen Gebiete<\/div><p>Vom 27.-31. Mai 2018 reisen wir erneut mit Bundestagsabgeordneten nach Israel und in die Pal\u00e4stinensischen Gebiete.<br \/>\r\n<br \/>\r\nBei Interesse wenden Sie sich bitte - so schnell wie m\u00f6glich - an NAFFOs Direktorin:<br \/>\r\n<br \/>\r\n030 - 23 92 78 65 oder info@naffo.de<\/p><p><a class=\"more\" href=\"https:\/\/naffo.de\/en\/naffo-reise-nach-israel-und-in-die-palaestinensischen-gebiete\/\">Weiterlesen<\/a><\/p>\r\n                <div class=\"meta\">\r\n                  <span class=\"date\">27.05.2018<\/span>\r\n                  <span class=\"cats\">\r\n          Activities | Homepage\r\n                  <\/span>\r\n                <\/div>\r\n              <\/div>\r\n            <\/div>\r\n          \r\n            <div class=\"inf_blog\">\r\n              <div class=\"image\">\r\n                <a href=\"https:\/\/naffo.de\/en\/veranstaltungen-mit-yair-lapid-mk\/\">\r\n          <img decoding=\"async\" src=\"https:\/\/naffo.de\/wp-content\/uploads\/2018\/10\/blog.png\" alt=\"Veranstaltungen mit Yair Lapid MK\" \/>\r\n                <\/a>\r\n              <\/div>\r\n              <div class=\"desc\">\r\n                <h3><a href=\"https:\/\/naffo.de\/en\/veranstaltungen-mit-yair-lapid-mk\/\">Veranstaltungen mit Yair Lapid MK<\/a><\/h3>\r\n\r\n          <div class=\"excerpt\">Veranstaltungen mit Yair Lapid MK<\/div><p>Am 25. und 26. April 2018 wird Yair Lapid MK (Mitglied der Knesset, Vorsitzender der israelischen Partei \"Yesh Atid\" und Finanzminister a.D.) exklusiv f\u00fcr NAFFO in Berlin sein.<br \/>\r\n<br \/>\r\nAm 25. April 2018 um 18.30 Uhr laden wir Mitglieder, Spender und Bundestagsmitarbeiter (pers\u00f6nliche Einladung) zu einer Keynote Speech mit anschlie\u00dfendem Empfang ein.<\/p><p><a class=\"more\" href=\"https:\/\/naffo.de\/en\/veranstaltungen-mit-yair-lapid-mk\/\">Weiterlesen<\/a><\/p>\r\n                <div class=\"meta\">\r\n                  <span class=\"date\">25.04.2018<\/span>\r\n                  <span class=\"cats\">\r\n          Activities | Homepage\r\n                  <\/span>\r\n                <\/div>\r\n              <\/div>\r\n            <\/div>\r\n          \r\n            <div class=\"inf_blog\">\r\n              <div class=\"image\">\r\n                <a href=\"https:\/\/naffo.de\/en\/deutschland-als-brueckenbauer-naffo-mdb-mitarbeiterreise-nach-israel-und-in-die-palaestinensischen-gebiete\/\">\r\n          <img decoding=\"async\" src=\"https:\/\/naffo.de\/wp-content\/uploads\/2019\/03\/NAFFO-Icons-01-370x375.png\" alt=\"Deutschland als Br\u00fcckenbauer - NAFFO-MdB-Mitarbeiterreise nach Israel und in die Pal\u00e4stinensischen Gebiete\" \/>\r\n                <\/a>\r\n              <\/div>\r\n              <div class=\"desc\">\r\n                <h3><a href=\"https:\/\/naffo.de\/en\/deutschland-als-brueckenbauer-naffo-mdb-mitarbeiterreise-nach-israel-und-in-die-palaestinensischen-gebiete\/\">Deutschland als Br\u00fcckenbauer - NAFFO-MdB-Mitarbeiterreise nach Israel und in die Pal\u00e4stinensischen Gebiete<\/a><\/h3>\r\n\r\n          <div class=\"excerpt\">Deutschland als Br\u00fcckenbauer - NAFFO-MdB-Mitarbeiterreise nach Israel und in die Pal\u00e4stinensischen Gebiete<\/div><p>Vom 16. bis 21. Dezember 2017 wird NAFFO zum ersten Mal mit einer Gruppe von Abgeordnetenmitarbeitern Israel und die Pal\u00e4stinensischen Gebiete bereisen. Neben zahlreichen Gespr\u00e4chen und Begegnungen sind auch Workshops mit Mitarbeitern der Knesset und der Pal\u00e4stinensischen Autonomiebeh\u00f6rde vorgesehen.<\/p><p><a class=\"more\" href=\"https:\/\/naffo.de\/en\/deutschland-als-brueckenbauer-naffo-mdb-mitarbeiterreise-nach-israel-und-in-die-palaestinensischen-gebiete\/\">Weiterlesen<\/a><\/p>\r\n                <div class=\"meta\">\r\n                  <span class=\"date\">16.12.2017<\/span>\r\n                  <span class=\"cats\">\r\n          Activities | Homepage\r\n                  <\/span>\r\n                <\/div>\r\n              <\/div>\r\n            <\/div>\r\n          \r\n        <\/div>\r\n        <div class=\"inf_pages\"><\/div>\r\n        <div class=\"inf_clearfix\"><\/div>\r\n      [\/vc_column][vc_column width=&#8221;1\/12&#8243;][\/vc_column][vc_column width=&#8221;4\/12&#8243;][vc_widget_sidebar sidebar_id=&#8221;Main&#8221;][\/vc_column][\/vc_row]<\/p>\n<\/div>","protected":false},"excerpt":{"rendered":"<p>[vc_row css_animation=&#8221;&#8221; row_type=&#8221;row&#8221; use_row_as_full_screen_section=&#8221;no&#8221; type=&#8221;full_width&#8221; angled_section=&#8221;no&#8221; text_align=&#8221;left&#8221; background_image_as_pattern=&#8221;without_pattern&#8221; padding_bottom=&#8221;64&#8243; z_index=&#8221;&#8221;][vc_column width=&#8221;7\/12&#8243;][vc_column_text] ACTIVITIES NAFFO organisiert Informationsveranstaltungen f\u00fcr seine Mitglieder mit Experten aus Politik und Wissenschaft. F\u00fcr die Aktivisten finden au\u00dferdem regelm\u00e4\u00dfige Treffen zum thematischen Austausch statt. Bei Interesse wenden Sie sich bitte ebenfalls an die NAFFO-Gesch\u00e4ftsstelle&#8230;<\/p>\n","protected":false},"author":14,"featured_media":0,"parent":0,"menu_order":0,"comment_status":"closed","ping_status":"closed","template":"","meta":{"_acf_changed":false,"inline_featured_image":false,"footnotes":""},"class_list":["post-398","page","type-page","status-publish","hentry"],"acf":[],"yoast_head":"<!-- This site is optimized with the Yoast SEO plugin v25.9 - https:\/\/yoast.com\/wordpress\/plugins\/seo\/ -->\n<title>Activities - NAFFO | NAHOST FRIEDENSFORUM<\/title>\n<meta name=\"robots\" content=\"index, follow, max-snippet:-1, max-image-preview:large, max-video-preview:-1\" \/>\n<link rel=\"canonical\" href=\"https:\/\/naffo.de\/en\/activities\/\" \/>\n<meta property=\"og:locale\" content=\"en_US\" \/>\n<meta property=\"og:type\" content=\"article\" \/>\n<meta property=\"og:title\" content=\"Activities - NAFFO | NAHOST FRIEDENSFORUM\" \/>\n<meta property=\"og:description\" content=\"[vc_row css_animation=&#8221;&#8221; row_type=&#8221;row&#8221; use_row_as_full_screen_section=&#8221;no&#8221; type=&#8221;full_width&#8221; angled_section=&#8221;no&#8221; text_align=&#8221;left&#8221; background_image_as_pattern=&#8221;without_pattern&#8221; padding_bottom=&#8221;64&#8243; z_index=&#8221;&#8221;][vc_column width=&#8221;7\/12&#8243;][vc_column_text] ACTIVITIES NAFFO organisiert Informationsveranstaltungen f\u00fcr seine Mitglieder mit Experten aus Politik und Wissenschaft. F\u00fcr die Aktivisten finden au\u00dferdem regelm\u00e4\u00dfige Treffen zum thematischen Austausch statt. Bei Interesse wenden Sie sich bitte ebenfalls an die NAFFO-Gesch\u00e4ftsstelle...\" \/>\n<meta property=\"og:url\" content=\"https:\/\/naffo.de\/en\/activities\/\" \/>\n<meta property=\"og:site_name\" content=\"NAFFO | NAHOST FRIEDENSFORUM\" \/>\n<meta property=\"article:publisher\" content=\"https:\/\/www.facebook.com\/NAFFOeV\/\" \/>\n<meta property=\"article:modified_time\" content=\"2018-11-30T13:15:12+00:00\" \/>\n<meta property=\"og:image\" content=\"https:\/\/naffo.de\/wp-content\/uploads\/2019\/06\/facebook.png\" \/>\n\t<meta property=\"og:image:width\" content=\"1200\" \/>\n\t<meta property=\"og:image:height\" content=\"630\" \/>\n\t<meta property=\"og:image:type\" content=\"image\/png\" \/>\n<meta name=\"twitter:card\" content=\"summary_large_image\" \/>\n<meta name=\"twitter:label1\" content=\"Est. reading time\" \/>\n\t<meta name=\"twitter:data1\" content=\"1 minute\" \/>\n<script type=\"application\/ld+json\" class=\"yoast-schema-graph\">{\"@context\":\"https:\/\/schema.org\",\"@graph\":[{\"@type\":\"WebPage\",\"@id\":\"https:\/\/naffo.de\/en\/activities\/\",\"url\":\"https:\/\/naffo.de\/en\/activities\/\",\"name\":\"Activities - NAFFO | NAHOST FRIEDENSFORUM\",\"isPartOf\":{\"@id\":\"https:\/\/naffo.de\/#website\"},\"datePublished\":\"2018-10-29T11:00:02+00:00\",\"dateModified\":\"2018-11-30T13:15:12+00:00\",\"breadcrumb\":{\"@id\":\"https:\/\/naffo.de\/en\/activities\/#breadcrumb\"},\"inLanguage\":\"en-US\",\"potentialAction\":[{\"@type\":\"ReadAction\",\"target\":[\"https:\/\/naffo.de\/en\/activities\/\"]}]},{\"@type\":\"BreadcrumbList\",\"@id\":\"https:\/\/naffo.de\/en\/activities\/#breadcrumb\",\"itemListElement\":[{\"@type\":\"ListItem\",\"position\":1,\"name\":\"Startseite\",\"item\":\"https:\/\/naffo.de\/en\/\"},{\"@type\":\"ListItem\",\"position\":2,\"name\":\"Activities\"}]},{\"@type\":\"WebSite\",\"@id\":\"https:\/\/naffo.de\/#website\",\"url\":\"https:\/\/naffo.de\/\",\"name\":\"NAFFO | NAHOST FRIEDENSFORUM\",\"description\":\"NAFFO | NAHOST FRIEDENSFORUM\",\"publisher\":{\"@id\":\"https:\/\/naffo.de\/#organization\"},\"potentialAction\":[{\"@type\":\"SearchAction\",\"target\":{\"@type\":\"EntryPoint\",\"urlTemplate\":\"https:\/\/naffo.de\/?s={search_term_string}\"},\"query-input\":{\"@type\":\"PropertyValueSpecification\",\"valueRequired\":true,\"valueName\":\"search_term_string\"}}],\"inLanguage\":\"en-US\"},{\"@type\":\"Organization\",\"@id\":\"https:\/\/naffo.de\/#organization\",\"name\":\"Naffo e.V.\",\"url\":\"https:\/\/naffo.de\/\",\"logo\":{\"@type\":\"ImageObject\",\"inLanguage\":\"en-US\",\"@id\":\"https:\/\/naffo.de\/#\/schema\/logo\/image\/\",\"url\":\"https:\/\/naffo.de\/wp-content\/uploads\/2018\/11\/logo-4.svg\",\"contentUrl\":\"https:\/\/naffo.de\/wp-content\/uploads\/2018\/11\/logo-4.svg\",\"width\":1,\"height\":1,\"caption\":\"Naffo e.V.\"},\"image\":{\"@id\":\"https:\/\/naffo.de\/#\/schema\/logo\/image\/\"},\"sameAs\":[\"https:\/\/www.facebook.com\/NAFFOeV\/\"]}]}<\/script>\n<!-- \/ Yoast SEO plugin. -->","yoast_head_json":{"title":"Activities - NAFFO | NAHOST FRIEDENSFORUM","robots":{"index":"index","follow":"follow","max-snippet":"max-snippet:-1","max-image-preview":"max-image-preview:large","max-video-preview":"max-video-preview:-1"},"canonical":"https:\/\/naffo.de\/en\/activities\/","og_locale":"en_US","og_type":"article","og_title":"Activities - NAFFO | NAHOST FRIEDENSFORUM","og_description":"[vc_row css_animation=&#8221;&#8221; row_type=&#8221;row&#8221; use_row_as_full_screen_section=&#8221;no&#8221; type=&#8221;full_width&#8221; angled_section=&#8221;no&#8221; text_align=&#8221;left&#8221; background_image_as_pattern=&#8221;without_pattern&#8221; padding_bottom=&#8221;64&#8243; z_index=&#8221;&#8221;][vc_column width=&#8221;7\/12&#8243;][vc_column_text] ACTIVITIES NAFFO organisiert Informationsveranstaltungen f\u00fcr seine Mitglieder mit Experten aus Politik und Wissenschaft. F\u00fcr die Aktivisten finden au\u00dferdem regelm\u00e4\u00dfige Treffen zum thematischen Austausch statt. Bei Interesse wenden Sie sich bitte ebenfalls an die NAFFO-Gesch\u00e4ftsstelle...","og_url":"https:\/\/naffo.de\/en\/activities\/","og_site_name":"NAFFO | NAHOST FRIEDENSFORUM","article_publisher":"https:\/\/www.facebook.com\/NAFFOeV\/","article_modified_time":"2018-11-30T13:15:12+00:00","og_image":[{"width":1200,"height":630,"url":"https:\/\/naffo.de\/wp-content\/uploads\/2019\/06\/facebook.png","type":"image\/png"}],"twitter_card":"summary_large_image","twitter_misc":{"Est. reading time":"1 minute"},"schema":{"@context":"https:\/\/schema.org","@graph":[{"@type":"WebPage","@id":"https:\/\/naffo.de\/en\/activities\/","url":"https:\/\/naffo.de\/en\/activities\/","name":"Activities - NAFFO | NAHOST FRIEDENSFORUM","isPartOf":{"@id":"https:\/\/naffo.de\/#website"},"datePublished":"2018-10-29T11:00:02+00:00","dateModified":"2018-11-30T13:15:12+00:00","breadcrumb":{"@id":"https:\/\/naffo.de\/en\/activities\/#breadcrumb"},"inLanguage":"en-US","potentialAction":[{"@type":"ReadAction","target":["https:\/\/naffo.de\/en\/activities\/"]}]},{"@type":"BreadcrumbList","@id":"https:\/\/naffo.de\/en\/activities\/#breadcrumb","itemListElement":[{"@type":"ListItem","position":1,"name":"Startseite","item":"https:\/\/naffo.de\/en\/"},{"@type":"ListItem","position":2,"name":"Activities"}]},{"@type":"WebSite","@id":"https:\/\/naffo.de\/#website","url":"https:\/\/naffo.de\/","name":"NAFFO | NAHOST FRIEDENSFORUM","description":"NAFFO | NAHOST FRIEDENSFORUM","publisher":{"@id":"https:\/\/naffo.de\/#organization"},"potentialAction":[{"@type":"SearchAction","target":{"@type":"EntryPoint","urlTemplate":"https:\/\/naffo.de\/?s={search_term_string}"},"query-input":{"@type":"PropertyValueSpecification","valueRequired":true,"valueName":"search_term_string"}}],"inLanguage":"en-US"},{"@type":"Organization","@id":"https:\/\/naffo.de\/#organization","name":"Naffo e.V.","url":"https:\/\/naffo.de\/","logo":{"@type":"ImageObject","inLanguage":"en-US","@id":"https:\/\/naffo.de\/#\/schema\/logo\/image\/","url":"https:\/\/naffo.de\/wp-content\/uploads\/2018\/11\/logo-4.svg","contentUrl":"https:\/\/naffo.de\/wp-content\/uploads\/2018\/11\/logo-4.svg","width":1,"height":1,"caption":"Naffo e.V."},"image":{"@id":"https:\/\/naffo.de\/#\/schema\/logo\/image\/"},"sameAs":["https:\/\/www.facebook.com\/NAFFOeV\/"]}]}},"_links":{"self":[{"href":"https:\/\/naffo.de\/en\/wp-json\/wp\/v2\/pages\/398","targetHints":{"allow":["GET"]}}],"collection":[{"href":"https:\/\/naffo.de\/en\/wp-json\/wp\/v2\/pages"}],"about":[{"href":"https:\/\/naffo.de\/en\/wp-json\/wp\/v2\/types\/page"}],"author":[{"embeddable":true,"href":"https:\/\/naffo.de\/en\/wp-json\/wp\/v2\/users\/14"}],"replies":[{"embeddable":true,"href":"https:\/\/naffo.de\/en\/wp-json\/wp\/v2\/comments?post=398"}],"version-history":[{"count":7,"href":"https:\/\/naffo.de\/en\/wp-json\/wp\/v2\/pages\/398\/revisions"}],"predecessor-version":[{"id":571,"href":"https:\/\/naffo.de\/en\/wp-json\/wp\/v2\/pages\/398\/revisions\/571"}],"wp:attachment":[{"href":"https:\/\/naffo.de\/en\/wp-json\/wp\/v2\/media?parent=398"}],"curies":[{"name":"wp","href":"https:\/\/api.w.org\/{rel}","templated":true}]}}