{"id":392,"date":"2018-11-13T09:02:25","date_gmt":"2018-11-13T08:02:25","guid":{"rendered":"https:\/\/naffo.de\/?page_id=392"},"modified":"2018-11-30T14:29:03","modified_gmt":"2018-11-30T13:29:03","slug":"die-zielsetzung","status":"publish","type":"page","link":"https:\/\/naffo.de\/en\/","title":{"rendered":"The Goal"},"content":{"rendered":"<div class=\"wpb-content-wrapper\"><p>[vc_row css_animation=&#8221;&#8221; row_type=&#8221;row&#8221; use_row_as_full_screen_section=&#8221;no&#8221; type=&#8221;grid&#8221; angled_section=&#8221;no&#8221; text_align=&#8221;left&#8221; background_image_as_pattern=&#8221;without_pattern&#8221; padding_top=&#8221;64&#8243; padding_bottom=&#8221;64&#8243; z_index=&#8221;&#8221;][vc_column width=&#8221;7\/12&#8243;][vc_column_text]<\/p>\n<h3>THE MIDDLE EAST PEACE FORUM (GERMAN: NAHOST FRIEDENSFORUM &#8211; NAFFO)<\/h3>\n<ul>\n<li>NAFFO is a group of dedicated German citizens who are all committed to peaceful political and social developments in the Middle East.<\/li>\n<li>Based on a foundation of shared democratic values NAFFO engages in regular and forward-looking dialogue with policy-makers in Germany.<\/li>\n<li>Through its work, NAFFO has access to excellent contacts and resources and offers its interlocutors a reliable source of exclusive information.<\/li>\n<\/ul>\n<p>[\/vc_column_text][vc_separator type=&#8221;small&#8221; position=&#8221;left&#8221; color=&#8221;#96c3c1&#8243; thickness=&#8221;4&#8243; width=&#8221;128&#8243; up=&#8221;32&#8243; down=&#8221;32&#8243;][vc_column_text]<\/p>\n<h3>OBJECTIVES<\/h3>\n<ul>\n<li>Through its activities, NAFFO wants to increase understanding in German politics regarding the complexity of the situation in the Middle East.<\/li>\n<li>NAFFO is committed to a two-state solution.<\/li>\n<\/ul>\n<p>[\/vc_column_text][vc_separator type=&#8221;small&#8221; position=&#8221;left&#8221; color=&#8221;#96c3c1&#8243; thickness=&#8221;4&#8243; width=&#8221;128&#8243; up=&#8221;32&#8243; down=&#8221;32&#8243;][vc_column_text]<\/p>\n<h3>BASIC PRINCIPLES<\/h3>\n<ul>\n<li>NAFFO&#8217;s work is based on the principles of democracy, secularism and the rule of law and is deeply committed to the preservation of human rights.<\/li>\n<li>It is for this reason that the initiative supports Israel, the only democracy in the Middle East, and its inviolable right to exist. Secure borders and coexistence with neighbouring countries are the foundations of longlasting peace in the Middle East.<\/li>\n<li>Likewise, NAFFO welcomes all religious and political movements in the Arab world that espouse values such as tolerance and democracy and that are dedicated to building a peaceful Middle East.<\/li>\n<li>NAFFO is non-partisan. Our discussions remain confidential, all our events are held under Chatham House Rules, and NAFFdoes not persue coverage in the media.<\/li>\n<\/ul>\n<p>[\/vc_column_text][vc_empty_space height=&#8221;64px&#8221;][vc_column_text]<\/p>\n<h2>News<\/h2>\n<p>[\/vc_column_text]<div class=\"inf_blogboxen\">\r\n            <div class=\"inf_blog\">\r\n              <div class=\"image\">\r\n                <a href=\"https:\/\/naffo.de\/en\/naffo-reise-nach-israel-und-in-die-palaestinensischen-gebiete\/\">\r\n          <img decoding=\"async\" src=\"https:\/\/naffo.de\/wp-content\/uploads\/2019\/03\/NAFFO-Icons-01-370x375.png\" alt=\"NAFFO-Reise nach Israel und in die Pal\u00e4stinensischen Gebiete\" \/>\r\n                <\/a>\r\n              <\/div>\r\n              <div class=\"desc\">\r\n                <h3><a href=\"https:\/\/naffo.de\/en\/naffo-reise-nach-israel-und-in-die-palaestinensischen-gebiete\/\">NAFFO-Reise nach Israel und in die Pal\u00e4stinensischen Gebiete<\/a><\/h3>\r\n\r\n          <div class=\"excerpt\">NAFFO-Reise nach Israel und in die Pal\u00e4stinensischen Gebiete<\/div><p>Vom 27.-31. Mai 2018 reisen wir erneut mit Bundestagsabgeordneten nach Israel und in die Pal\u00e4stinensischen Gebiete.<br \/>\r\n<br \/>\r\nBei Interesse wenden Sie sich bitte - so schnell wie m\u00f6glich - an NAFFOs Direktorin:<br \/>\r\n<br \/>\r\n030 - 23 92 78 65 oder info@naffo.de<\/p><p><a class=\"more\" href=\"https:\/\/naffo.de\/en\/naffo-reise-nach-israel-und-in-die-palaestinensischen-gebiete\/\">Weiterlesen<\/a><\/p>\r\n                <div class=\"meta\">\r\n                  <span class=\"date\">27.05.2018<\/span>\r\n                  <span class=\"cats\">\r\n          Activities | Homepage\r\n                  <\/span>\r\n                <\/div>\r\n              <\/div>\r\n            <\/div>\r\n          \r\n            <div class=\"inf_blog\">\r\n              <div class=\"image\">\r\n                <a href=\"https:\/\/naffo.de\/en\/veranstaltungen-mit-yair-lapid-mk\/\">\r\n          <img decoding=\"async\" src=\"https:\/\/naffo.de\/wp-content\/uploads\/2018\/10\/blog.png\" alt=\"Veranstaltungen mit Yair Lapid MK\" \/>\r\n                <\/a>\r\n              <\/div>\r\n              <div class=\"desc\">\r\n                <h3><a href=\"https:\/\/naffo.de\/en\/veranstaltungen-mit-yair-lapid-mk\/\">Veranstaltungen mit Yair Lapid MK<\/a><\/h3>\r\n\r\n          <div class=\"excerpt\">Veranstaltungen mit Yair Lapid MK<\/div><p>Am 25. und 26. April 2018 wird Yair Lapid MK (Mitglied der Knesset, Vorsitzender der israelischen Partei \"Yesh Atid\" und Finanzminister a.D.) exklusiv f\u00fcr NAFFO in Berlin sein.<br \/>\r\n<br \/>\r\nAm 25. April 2018 um 18.30 Uhr laden wir Mitglieder, Spender und Bundestagsmitarbeiter (pers\u00f6nliche Einladung) zu einer Keynote Speech mit anschlie\u00dfendem Empfang ein.<\/p><p><a class=\"more\" href=\"https:\/\/naffo.de\/en\/veranstaltungen-mit-yair-lapid-mk\/\">Weiterlesen<\/a><\/p>\r\n                <div class=\"meta\">\r\n                  <span class=\"date\">25.04.2018<\/span>\r\n                  <span class=\"cats\">\r\n          Activities | Homepage\r\n                  <\/span>\r\n                <\/div>\r\n              <\/div>\r\n            <\/div>\r\n          \r\n            <div class=\"inf_blog\">\r\n              <div class=\"image\">\r\n                <a href=\"https:\/\/naffo.de\/en\/deutschland-als-brueckenbauer-naffo-mdb-mitarbeiterreise-nach-israel-und-in-die-palaestinensischen-gebiete\/\">\r\n          <img decoding=\"async\" src=\"https:\/\/naffo.de\/wp-content\/uploads\/2019\/03\/NAFFO-Icons-01-370x375.png\" alt=\"Deutschland als Br\u00fcckenbauer - NAFFO-MdB-Mitarbeiterreise nach Israel und in die Pal\u00e4stinensischen Gebiete\" \/>\r\n                <\/a>\r\n              <\/div>\r\n              <div class=\"desc\">\r\n                <h3><a href=\"https:\/\/naffo.de\/en\/deutschland-als-brueckenbauer-naffo-mdb-mitarbeiterreise-nach-israel-und-in-die-palaestinensischen-gebiete\/\">Deutschland als Br\u00fcckenbauer - NAFFO-MdB-Mitarbeiterreise nach Israel und in die Pal\u00e4stinensischen Gebiete<\/a><\/h3>\r\n\r\n          <div class=\"excerpt\">Deutschland als Br\u00fcckenbauer - NAFFO-MdB-Mitarbeiterreise nach Israel und in die Pal\u00e4stinensischen Gebiete<\/div><p>Vom 16. bis 21. Dezember 2017 wird NAFFO zum ersten Mal mit einer Gruppe von Abgeordnetenmitarbeitern Israel und die Pal\u00e4stinensischen Gebiete bereisen. Neben zahlreichen Gespr\u00e4chen und Begegnungen sind auch Workshops mit Mitarbeitern der Knesset und der Pal\u00e4stinensischen Autonomiebeh\u00f6rde vorgesehen.<\/p><p><a class=\"more\" href=\"https:\/\/naffo.de\/en\/deutschland-als-brueckenbauer-naffo-mdb-mitarbeiterreise-nach-israel-und-in-die-palaestinensischen-gebiete\/\">Weiterlesen<\/a><\/p>\r\n                <div class=\"meta\">\r\n                  <span class=\"date\">16.12.2017<\/span>\r\n                  <span class=\"cats\">\r\n          Activities | Homepage\r\n                  <\/span>\r\n                <\/div>\r\n              <\/div>\r\n            <\/div>\r\n          \r\n            <div class=\"inf_blog\">\r\n              <div class=\"image\">\r\n                <a href=\"https:\/\/naffo.de\/en\/naffo-position-zur-us-anerkennung-jerusalems-als-israelische-hauptstadt\/\">\r\n          <img decoding=\"async\" src=\"https:\/\/naffo.de\/wp-content\/uploads\/2018\/10\/blog.png\" alt=\"NAFFO-Position zur US-Anerkennung Jerusalems als israelische Hauptstadt\" \/>\r\n                <\/a>\r\n              <\/div>\r\n              <div class=\"desc\">\r\n                <h3><a href=\"https:\/\/naffo.de\/en\/naffo-position-zur-us-anerkennung-jerusalems-als-israelische-hauptstadt\/\">NAFFO-Position zur US-Anerkennung Jerusalems als israelische Hauptstadt<\/a><\/h3>\r\n\r\n          <div class=\"excerpt\">NAFFO-Position zur US-Anerkennung Jerusalems als israelische Hauptstadt<\/div><p>Die Entscheidung von US-Pr\u00e4sident Trump, Jerusalem als Hauptstadt Israels offiziell anzuerkennen, hat erwartungsgem\u00e4\u00df f\u00fcr nachvollziehbaren Unmut bei den Pal\u00e4stinensern und in der arabischen Welt gesorgt. Auch im Westen gab und gibt es Irritationen.<\/p><p><a class=\"more\" href=\"https:\/\/naffo.de\/en\/naffo-position-zur-us-anerkennung-jerusalems-als-israelische-hauptstadt\/\">Weiterlesen<\/a><\/p>\r\n                <div class=\"meta\">\r\n                  <span class=\"date\">08.12.2017<\/span>\r\n                  <span class=\"cats\">\r\n          Homepage | Positions\r\n                  <\/span>\r\n                <\/div>\r\n              <\/div>\r\n            <\/div>\r\n          \r\n        <\/div>\r\n        <div class=\"inf_pages\"><\/div>\r\n        <div class=\"inf_clearfix\"><\/div>\r\n      [\/vc_column][vc_column width=&#8221;1\/12&#8243;][\/vc_column][vc_column width=&#8221;4\/12&#8243;][vc_widget_sidebar sidebar_id=&#8221;Main&#8221;][\/vc_column][\/vc_row]<\/p>\n<\/div>","protected":false},"excerpt":{"rendered":"<p>[vc_row css_animation=&#8221;&#8221; row_type=&#8221;row&#8221; use_row_as_full_screen_section=&#8221;no&#8221; type=&#8221;grid&#8221; angled_section=&#8221;no&#8221; text_align=&#8221;left&#8221; background_image_as_pattern=&#8221;without_pattern&#8221; padding_top=&#8221;64&#8243; padding_bottom=&#8221;64&#8243; z_index=&#8221;&#8221;][vc_column width=&#8221;7\/12&#8243;][vc_column_text] THE MIDDLE EAST PEACE FORUM (GERMAN: NAHOST FRIEDENSFORUM &#8211; NAFFO) NAFFO is a group of dedicated German citizens who are all committed to peaceful political and social developments in the Middle East. Based&#8230;<\/p>\n","protected":false},"author":14,"featured_media":0,"parent":0,"menu_order":0,"comment_status":"closed","ping_status":"closed","template":"full_width.php","meta":{"_acf_changed":false,"inline_featured_image":false,"footnotes":""},"class_list":["post-392","page","type-page","status-publish","hentry"],"acf":[],"yoast_head":"<!-- This site is optimized with the Yoast SEO plugin v27.4 - https:\/\/yoast.com\/product\/yoast-seo-wordpress\/ -->\n<title>The Goal - NAFFO | NAHOST FRIEDENSFORUM<\/title>\n<meta name=\"robots\" content=\"index, follow, max-snippet:-1, max-image-preview:large, max-video-preview:-1\" \/>\n<link rel=\"canonical\" href=\"https:\/\/naffo.de\/en\/\" \/>\n<meta property=\"og:locale\" content=\"en_US\" \/>\n<meta property=\"og:type\" content=\"article\" \/>\n<meta property=\"og:title\" content=\"The Goal - NAFFO | NAHOST FRIEDENSFORUM\" \/>\n<meta property=\"og:description\" content=\"[vc_row css_animation=&#8221;&#8221; row_type=&#8221;row&#8221; use_row_as_full_screen_section=&#8221;no&#8221; type=&#8221;grid&#8221; angled_section=&#8221;no&#8221; text_align=&#8221;left&#8221; background_image_as_pattern=&#8221;without_pattern&#8221; padding_top=&#8221;64&#8243; padding_bottom=&#8221;64&#8243; z_index=&#8221;&#8221;][vc_column width=&#8221;7\/12&#8243;][vc_column_text] THE MIDDLE EAST PEACE FORUM (GERMAN: NAHOST FRIEDENSFORUM &#8211; NAFFO) NAFFO is a group of dedicated German citizens who are all committed to peaceful political and social developments in the Middle East. Based...\" \/>\n<meta property=\"og:url\" content=\"https:\/\/naffo.de\/en\/\" \/>\n<meta property=\"og:site_name\" content=\"NAFFO | NAHOST FRIEDENSFORUM\" \/>\n<meta property=\"article:publisher\" content=\"https:\/\/www.facebook.com\/NAFFOeV\/\" \/>\n<meta property=\"article:modified_time\" content=\"2018-11-30T13:29:03+00:00\" \/>\n<meta property=\"og:image\" content=\"https:\/\/naffo.de\/wp-content\/uploads\/2019\/06\/facebook.png\" \/>\n\t<meta property=\"og:image:width\" content=\"1200\" \/>\n\t<meta property=\"og:image:height\" content=\"630\" \/>\n\t<meta property=\"og:image:type\" content=\"image\/png\" \/>\n<meta name=\"twitter:card\" content=\"summary_large_image\" \/>\n<meta name=\"twitter:label1\" content=\"Est. reading time\" \/>\n\t<meta name=\"twitter:data1\" content=\"2 minutes\" \/>\n<script type=\"application\/ld+json\" class=\"yoast-schema-graph\">{\"@context\":\"https:\\\/\\\/schema.org\",\"@graph\":[{\"@type\":\"WebPage\",\"@id\":\"https:\\\/\\\/naffo.de\\\/en\\\/\",\"url\":\"https:\\\/\\\/naffo.de\\\/en\\\/\",\"name\":\"The Goal - NAFFO | NAHOST FRIEDENSFORUM\",\"isPartOf\":{\"@id\":\"https:\\\/\\\/naffo.de\\\/en\\\/#website\"},\"datePublished\":\"2018-11-13T08:02:25+00:00\",\"dateModified\":\"2018-11-30T13:29:03+00:00\",\"breadcrumb\":{\"@id\":\"https:\\\/\\\/naffo.de\\\/en\\\/#breadcrumb\"},\"inLanguage\":\"en-US\",\"potentialAction\":[{\"@type\":\"ReadAction\",\"target\":[\"https:\\\/\\\/naffo.de\\\/en\\\/\"]}]},{\"@type\":\"BreadcrumbList\",\"@id\":\"https:\\\/\\\/naffo.de\\\/en\\\/#breadcrumb\",\"itemListElement\":[{\"@type\":\"ListItem\",\"position\":1,\"name\":\"Startseite\",\"item\":\"https:\\\/\\\/naffo.de\\\/en\\\/\"},{\"@type\":\"ListItem\",\"position\":2,\"name\":\"The Goal\"}]},{\"@type\":\"WebSite\",\"@id\":\"https:\\\/\\\/naffo.de\\\/en\\\/#website\",\"url\":\"https:\\\/\\\/naffo.de\\\/en\\\/\",\"name\":\"NAFFO | NAHOST FRIEDENSFORUM\",\"description\":\"NAFFO | NAHOST FRIEDENSFORUM\",\"publisher\":{\"@id\":\"https:\\\/\\\/naffo.de\\\/en\\\/#organization\"},\"potentialAction\":[{\"@type\":\"SearchAction\",\"target\":{\"@type\":\"EntryPoint\",\"urlTemplate\":\"https:\\\/\\\/naffo.de\\\/en\\\/?s={search_term_string}\"},\"query-input\":{\"@type\":\"PropertyValueSpecification\",\"valueRequired\":true,\"valueName\":\"search_term_string\"}}],\"inLanguage\":\"en-US\"},{\"@type\":\"Organization\",\"@id\":\"https:\\\/\\\/naffo.de\\\/en\\\/#organization\",\"name\":\"Naffo e.V.\",\"url\":\"https:\\\/\\\/naffo.de\\\/en\\\/\",\"logo\":{\"@type\":\"ImageObject\",\"inLanguage\":\"en-US\",\"@id\":\"https:\\\/\\\/naffo.de\\\/en\\\/#\\\/schema\\\/logo\\\/image\\\/\",\"url\":\"https:\\\/\\\/naffo.de\\\/wp-content\\\/uploads\\\/2018\\\/11\\\/logo-4.svg\",\"contentUrl\":\"https:\\\/\\\/naffo.de\\\/wp-content\\\/uploads\\\/2018\\\/11\\\/logo-4.svg\",\"width\":1,\"height\":1,\"caption\":\"Naffo e.V.\"},\"image\":{\"@id\":\"https:\\\/\\\/naffo.de\\\/en\\\/#\\\/schema\\\/logo\\\/image\\\/\"},\"sameAs\":[\"https:\\\/\\\/www.facebook.com\\\/NAFFOeV\\\/\"]}]}<\/script>\n<!-- \/ Yoast SEO plugin. -->","yoast_head_json":{"title":"The Goal - NAFFO | NAHOST FRIEDENSFORUM","robots":{"index":"index","follow":"follow","max-snippet":"max-snippet:-1","max-image-preview":"max-image-preview:large","max-video-preview":"max-video-preview:-1"},"canonical":"https:\/\/naffo.de\/en\/","og_locale":"en_US","og_type":"article","og_title":"The Goal - NAFFO | NAHOST FRIEDENSFORUM","og_description":"[vc_row css_animation=&#8221;&#8221; row_type=&#8221;row&#8221; use_row_as_full_screen_section=&#8221;no&#8221; type=&#8221;grid&#8221; angled_section=&#8221;no&#8221; text_align=&#8221;left&#8221; background_image_as_pattern=&#8221;without_pattern&#8221; padding_top=&#8221;64&#8243; padding_bottom=&#8221;64&#8243; z_index=&#8221;&#8221;][vc_column width=&#8221;7\/12&#8243;][vc_column_text] THE MIDDLE EAST PEACE FORUM (GERMAN: NAHOST FRIEDENSFORUM &#8211; NAFFO) NAFFO is a group of dedicated German citizens who are all committed to peaceful political and social developments in the Middle East. Based...","og_url":"https:\/\/naffo.de\/en\/","og_site_name":"NAFFO | NAHOST FRIEDENSFORUM","article_publisher":"https:\/\/www.facebook.com\/NAFFOeV\/","article_modified_time":"2018-11-30T13:29:03+00:00","og_image":[{"width":1200,"height":630,"url":"https:\/\/naffo.de\/wp-content\/uploads\/2019\/06\/facebook.png","type":"image\/png"}],"twitter_card":"summary_large_image","twitter_misc":{"Est. reading time":"2 minutes"},"schema":{"@context":"https:\/\/schema.org","@graph":[{"@type":"WebPage","@id":"https:\/\/naffo.de\/en\/","url":"https:\/\/naffo.de\/en\/","name":"The Goal - NAFFO | NAHOST FRIEDENSFORUM","isPartOf":{"@id":"https:\/\/naffo.de\/en\/#website"},"datePublished":"2018-11-13T08:02:25+00:00","dateModified":"2018-11-30T13:29:03+00:00","breadcrumb":{"@id":"https:\/\/naffo.de\/en\/#breadcrumb"},"inLanguage":"en-US","potentialAction":[{"@type":"ReadAction","target":["https:\/\/naffo.de\/en\/"]}]},{"@type":"BreadcrumbList","@id":"https:\/\/naffo.de\/en\/#breadcrumb","itemListElement":[{"@type":"ListItem","position":1,"name":"Startseite","item":"https:\/\/naffo.de\/en\/"},{"@type":"ListItem","position":2,"name":"The Goal"}]},{"@type":"WebSite","@id":"https:\/\/naffo.de\/en\/#website","url":"https:\/\/naffo.de\/en\/","name":"NAFFO | NAHOST FRIEDENSFORUM","description":"NAFFO | NAHOST FRIEDENSFORUM","publisher":{"@id":"https:\/\/naffo.de\/en\/#organization"},"potentialAction":[{"@type":"SearchAction","target":{"@type":"EntryPoint","urlTemplate":"https:\/\/naffo.de\/en\/?s={search_term_string}"},"query-input":{"@type":"PropertyValueSpecification","valueRequired":true,"valueName":"search_term_string"}}],"inLanguage":"en-US"},{"@type":"Organization","@id":"https:\/\/naffo.de\/en\/#organization","name":"Naffo e.V.","url":"https:\/\/naffo.de\/en\/","logo":{"@type":"ImageObject","inLanguage":"en-US","@id":"https:\/\/naffo.de\/en\/#\/schema\/logo\/image\/","url":"https:\/\/naffo.de\/wp-content\/uploads\/2018\/11\/logo-4.svg","contentUrl":"https:\/\/naffo.de\/wp-content\/uploads\/2018\/11\/logo-4.svg","width":1,"height":1,"caption":"Naffo e.V."},"image":{"@id":"https:\/\/naffo.de\/en\/#\/schema\/logo\/image\/"},"sameAs":["https:\/\/www.facebook.com\/NAFFOeV\/"]}]}},"_links":{"self":[{"href":"https:\/\/naffo.de\/en\/wp-json\/wp\/v2\/pages\/392","targetHints":{"allow":["GET"]}}],"collection":[{"href":"https:\/\/naffo.de\/en\/wp-json\/wp\/v2\/pages"}],"about":[{"href":"https:\/\/naffo.de\/en\/wp-json\/wp\/v2\/types\/page"}],"author":[{"embeddable":true,"href":"https:\/\/naffo.de\/en\/wp-json\/wp\/v2\/users\/14"}],"replies":[{"embeddable":true,"href":"https:\/\/naffo.de\/en\/wp-json\/wp\/v2\/comments?post=392"}],"version-history":[{"count":7,"href":"https:\/\/naffo.de\/en\/wp-json\/wp\/v2\/pages\/392\/revisions"}],"predecessor-version":[{"id":573,"href":"https:\/\/naffo.de\/en\/wp-json\/wp\/v2\/pages\/392\/revisions\/573"}],"wp:attachment":[{"href":"https:\/\/naffo.de\/en\/wp-json\/wp\/v2\/media?parent=392"}],"curies":[{"name":"wp","href":"https:\/\/api.w.org\/{rel}","templated":true}]}}